{"id":12,"date":"2025-03-12T10:07:22","date_gmt":"2025-03-12T10:07:22","guid":{"rendered":"https:\/\/www.xeocamping.com\/?page_id=12"},"modified":"2025-09-11T15:14:02","modified_gmt":"2025-09-11T15:14:02","slug":"instalacions","status":"publish","type":"page","link":"https:\/\/www.xeocamping.com\/index.php\/instalacions\/","title":{"rendered":"Xeoc\u00e1mping"},"content":{"rendered":"\n<div class=\"wp-block-cover alignfull\" style=\"padding-top:var(--wp--preset--spacing--60);padding-bottom:var(--wp--preset--spacing--60);min-height:250px;aspect-ratio:unset;\"><img loading=\"lazy\" decoding=\"async\" width=\"2560\" height=\"1707\" class=\"wp-block-cover__image-background wp-image-45 size-full\" alt=\"\" src=\"https:\/\/www.xeocamping.com\/wp-content\/uploads\/2025\/05\/meandrodacubela-scaled.jpg\" style=\"object-position:8% 20%\" data-object-fit=\"cover\" data-object-position=\"8% 20%\" srcset=\"https:\/\/www.xeocamping.com\/wp-content\/uploads\/2025\/05\/meandrodacubela-scaled.jpg 2560w, https:\/\/www.xeocamping.com\/wp-content\/uploads\/2025\/05\/meandrodacubela-300x200.jpg 300w, https:\/\/www.xeocamping.com\/wp-content\/uploads\/2025\/05\/meandrodacubela-1024x683.jpg 1024w, https:\/\/www.xeocamping.com\/wp-content\/uploads\/2025\/05\/meandrodacubela-768x512.jpg 768w, https:\/\/www.xeocamping.com\/wp-content\/uploads\/2025\/05\/meandrodacubela-1536x1024.jpg 1536w, https:\/\/www.xeocamping.com\/wp-content\/uploads\/2025\/05\/meandrodacubela-2048x1365.jpg 2048w, https:\/\/www.xeocamping.com\/wp-content\/uploads\/2025\/05\/meandrodacubela-930x620.jpg 930w\" sizes=\"auto, (max-width: 2560px) 100vw, 2560px\" \/><span aria-hidden=\"true\" class=\"wp-block-cover__background has-neve-link-hover-color-background-color has-background-dim\"><\/span><div class=\"wp-block-cover__inner-container is-layout-flow wp-block-cover-is-layout-flow\">\n<div class=\"wp-block-group\" style=\"padding-right:var(--wp--preset--spacing--30);padding-left:var(--wp--preset--spacing--30)\"><div class=\"wp-block-group__inner-container is-layout-flow wp-block-group-is-layout-flow\">\n<h1 class=\"wp-block-heading has-text-align-left has-nv-site-bg-color has-text-color\" style=\"padding-top:var(--wp--preset--spacing--70);padding-bottom:var(--wp--preset--spacing--70)\">O Xeoc\u00e1mping<\/h1>\n<\/div><\/div>\n<\/div><\/div>\n\n\n\n<div class=\"wp-block-cover alignfull\" style=\"min-height:600px;aspect-ratio:unset;\"><span aria-hidden=\"true\" class=\"wp-block-cover__background has-nv-light-bg-background-color has-background-dim-100 has-background-dim\"><\/span><div class=\"wp-block-cover__inner-container is-layout-flow wp-block-cover-is-layout-flow\">\n<div class=\"wp-block-group\"><div class=\"wp-block-group__inner-container is-layout-flow wp-block-group-is-layout-flow\">\n<div style=\"height:40px\" aria-hidden=\"true\" class=\"wp-block-spacer\"><\/div>\n\n\n\n<p class=\"has-neve-text-color-color has-text-color has-link-color wp-elements-e35687604f68b687a0e2a907feac9eed\" style=\"padding-top:0;padding-right:var(--wp--preset--spacing--20);padding-bottom:0;padding-left:var(--wp--preset--spacing--20);font-size:17px\"><strong><mark style=\"background-color:rgba(0, 0, 0, 0)\" class=\"has-inline-color has-neve-link-hover-color-color\">O noso c\u00e1mping \u00e9 moito m\u00e1is ca un lugar onde pasar a noite: \u00e9 un espazo pensado para vivir, sentir e descubrir.<\/mark> <\/strong>Cada recuncho est\u00e1 dese\u00f1ado para que poidas explorar, descansar e reconectar contigo mesmo e coa natureza que nos rodea.<\/p>\n\n\n\n<p class=\"has-neve-text-color-color has-text-color has-link-color wp-elements-17c8dae469186c768fb98cc1a141b281\" style=\"padding-right:var(--wp--preset--spacing--20);padding-left:var(--wp--preset--spacing--20);font-size:17px\">D\u00e9ixanos amosarche todo o que temos preparado para ti nas nosas instalaci\u00f3ns!<\/p>\n\n\n\n<div style=\"height:20px\" aria-hidden=\"true\" class=\"wp-block-spacer\"><\/div>\n\n\n\n<div class=\"wp-block-columns is-layout-flex wp-container-core-columns-is-layout-9d6595d7 wp-block-columns-is-layout-flex\">\n<div class=\"wp-block-column is-layout-flow wp-block-column-is-layout-flow\" style=\"border-radius:16px\">\n<figure class=\"wp-block-gallery has-nested-images columns-default is-cropped wp-block-gallery-1 is-layout-flex wp-block-gallery-is-layout-flex\">\n<figure class=\"wp-block-image size-large has-custom-border\"><img loading=\"lazy\" decoding=\"async\" width=\"1024\" height=\"577\" data-id=\"256\" src=\"https:\/\/www.xeocamping.com\/wp-content\/uploads\/2025\/07\/ZK_07699-1024x577.jpg\" alt=\"\" class=\"wp-image-256\" style=\"border-radius:16px\" srcset=\"https:\/\/www.xeocamping.com\/wp-content\/uploads\/2025\/07\/ZK_07699-1024x577.jpg 1024w, https:\/\/www.xeocamping.com\/wp-content\/uploads\/2025\/07\/ZK_07699-300x169.jpg 300w, https:\/\/www.xeocamping.com\/wp-content\/uploads\/2025\/07\/ZK_07699-768x432.jpg 768w, https:\/\/www.xeocamping.com\/wp-content\/uploads\/2025\/07\/ZK_07699-1536x865.jpg 1536w, https:\/\/www.xeocamping.com\/wp-content\/uploads\/2025\/07\/ZK_07699-2048x1153.jpg 2048w\" sizes=\"auto, (max-width: 1024px) 100vw, 1024px\" \/><\/figure>\n<\/figure>\n\n\n\n<figure class=\"wp-block-image size-large has-custom-border\"><img loading=\"lazy\" decoding=\"async\" width=\"1024\" height=\"577\" src=\"https:\/\/www.xeocamping.com\/wp-content\/uploads\/2025\/07\/ZK_07782-1024x577.jpg\" alt=\"\" class=\"wp-image-257\" style=\"border-radius:16px\" srcset=\"https:\/\/www.xeocamping.com\/wp-content\/uploads\/2025\/07\/ZK_07782-1024x577.jpg 1024w, https:\/\/www.xeocamping.com\/wp-content\/uploads\/2025\/07\/ZK_07782-300x169.jpg 300w, https:\/\/www.xeocamping.com\/wp-content\/uploads\/2025\/07\/ZK_07782-768x432.jpg 768w, https:\/\/www.xeocamping.com\/wp-content\/uploads\/2025\/07\/ZK_07782-1536x865.jpg 1536w, https:\/\/www.xeocamping.com\/wp-content\/uploads\/2025\/07\/ZK_07782-2048x1153.jpg 2048w\" sizes=\"auto, (max-width: 1024px) 100vw, 1024px\" \/><\/figure>\n<\/div>\n\n\n\n<div class=\"wp-block-column is-layout-flow wp-block-column-is-layout-flow\">\n<figure class=\"wp-block-image size-large has-custom-border is-style-rounded\"><img loading=\"lazy\" decoding=\"async\" width=\"1024\" height=\"577\" src=\"https:\/\/www.xeocamping.com\/wp-content\/uploads\/2025\/07\/ZK_07762-1024x577.jpg\" alt=\"\" class=\"wp-image-255\" style=\"border-radius:16px\" srcset=\"https:\/\/www.xeocamping.com\/wp-content\/uploads\/2025\/07\/ZK_07762-1024x577.jpg 1024w, https:\/\/www.xeocamping.com\/wp-content\/uploads\/2025\/07\/ZK_07762-300x169.jpg 300w, https:\/\/www.xeocamping.com\/wp-content\/uploads\/2025\/07\/ZK_07762-768x432.jpg 768w, https:\/\/www.xeocamping.com\/wp-content\/uploads\/2025\/07\/ZK_07762-1536x865.jpg 1536w, https:\/\/www.xeocamping.com\/wp-content\/uploads\/2025\/07\/ZK_07762-2048x1153.jpg 2048w\" sizes=\"auto, (max-width: 1024px) 100vw, 1024px\" \/><\/figure>\n\n\n\n<figure class=\"wp-block-image size-large has-custom-border\"><img loading=\"lazy\" decoding=\"async\" width=\"1024\" height=\"577\" src=\"https:\/\/www.xeocamping.com\/wp-content\/uploads\/2025\/07\/ZK_07791-1024x577.jpg\" alt=\"\" class=\"wp-image-259\" style=\"border-radius:16px\" srcset=\"https:\/\/www.xeocamping.com\/wp-content\/uploads\/2025\/07\/ZK_07791-1024x577.jpg 1024w, https:\/\/www.xeocamping.com\/wp-content\/uploads\/2025\/07\/ZK_07791-300x169.jpg 300w, https:\/\/www.xeocamping.com\/wp-content\/uploads\/2025\/07\/ZK_07791-768x432.jpg 768w, https:\/\/www.xeocamping.com\/wp-content\/uploads\/2025\/07\/ZK_07791-1536x865.jpg 1536w, https:\/\/www.xeocamping.com\/wp-content\/uploads\/2025\/07\/ZK_07791-2048x1153.jpg 2048w\" sizes=\"auto, (max-width: 1024px) 100vw, 1024px\" \/><\/figure>\n<\/div>\n<\/div>\n\n\n\n<div class=\"wp-block-columns is-layout-flex wp-container-core-columns-is-layout-9d6595d7 wp-block-columns-is-layout-flex\">\n<div class=\"wp-block-column is-vertically-aligned-top is-layout-flow wp-block-column-is-layout-flow\" style=\"padding-right:var(--wp--preset--spacing--30);padding-left:var(--wp--preset--spacing--30);flex-basis:50%\">\n<div style=\"height:20px\" aria-hidden=\"true\" class=\"wp-block-spacer\"><\/div>\n\n\n\n<h3 class=\"wp-block-heading has-text-align-left has-neve-link-hover-color-color has-text-color\" style=\"font-size:28px\">Sala com\u00fan<\/h3>\n\n\n\n<p class=\"has-text-align-left has-neve-text-color-color has-text-color\" style=\"font-size:17px\">O coraz\u00f3n social do c\u00e1mping. Un espazo acolledor con mesas para xantar, sof\u00e1s confortables e unha pequena biblioteca e ludoteca de acceso libre. Tam\u00e9n tes \u00e1 t\u00faa disposici\u00f3n microondas e neveira compartida.<\/p>\n<\/div>\n\n\n\n<div class=\"wp-block-column is-vertically-aligned-top is-layout-flow wp-block-column-is-layout-flow\" style=\"padding-right:var(--wp--preset--spacing--30);padding-left:var(--wp--preset--spacing--30);flex-basis:50%\">\n<div style=\"height:20px\" aria-hidden=\"true\" class=\"wp-block-spacer\"><\/div>\n\n\n\n<h3 class=\"wp-block-heading has-text-align-left has-neve-link-hover-color-color has-text-color\" style=\"font-size:28px\">Piscinas<\/h3>\n\n\n\n<p class=\"has-text-align-left has-neve-text-color-color has-text-color\" style=\"font-size:17px\">A poucos metros dunha fermosa praia fluvial, pero sen sa\u00edr do c\u00e1mping, podes refrescarte nas nosas piscinas. Perfectas para un chapuz\u00f3n mentres tomas o sol ou ves xogar aos m\u00e1is pequenos.<\/p>\n<\/div>\n\n\n\n<div class=\"wp-block-column is-vertically-aligned-top is-layout-flow wp-block-column-is-layout-flow\" style=\"padding-right:var(--wp--preset--spacing--30);padding-left:var(--wp--preset--spacing--30);flex-basis:50%\">\n<div style=\"height:20px\" aria-hidden=\"true\" class=\"wp-block-spacer\"><\/div>\n\n\n\n<h3 class=\"wp-block-heading has-text-align-left has-neve-link-hover-color-color has-text-color\" style=\"font-size:28px\">Parque infantil<\/h3>\n\n\n\n<p class=\"has-text-align-left has-neve-text-color-color has-text-color\" style=\"font-size:17px\">Un recuncho pensado para a diversi\u00f3n das crianzas. Cunha colecci\u00f3n de bamb\u00e1ns e xogos sinxelos, \u00e9 o lugar ideal para que se entrete\u00f1an mentres a familia se relaxa na piscina ou na sala com\u00fan.<\/p>\n<\/div>\n<\/div>\n\n\n\n<div class=\"wp-block-columns is-layout-flex wp-container-core-columns-is-layout-9d6595d7 wp-block-columns-is-layout-flex\">\n<div class=\"wp-block-column is-vertically-aligned-top is-layout-flow wp-block-column-is-layout-flow\" style=\"padding-right:var(--wp--preset--spacing--30);padding-left:var(--wp--preset--spacing--30);flex-basis:50%\">\n<div style=\"height:20px\" aria-hidden=\"true\" class=\"wp-block-spacer\"><\/div>\n\n\n\n<h3 class=\"wp-block-heading has-text-align-left has-neve-link-hover-color-color has-text-color\" style=\"font-size:28px\">Grellas<\/h3>\n\n\n\n<p class=\"has-text-align-left has-neve-text-color-color has-text-color\" style=\"font-size:17px\">Contamos con tres zonas de asadores para que poidas preparar o teu churrasco ao aire libre. E se esqueces traer carb\u00f3n, non te preocupes: n\u00f3s facilit\u00e1moscho. S\u00f3 tes que  traer as ganas de desfrutar!<\/p>\n<\/div>\n\n\n\n<div class=\"wp-block-column is-vertically-aligned-top is-layout-flow wp-block-column-is-layout-flow\" style=\"padding-right:var(--wp--preset--spacing--30);padding-left:var(--wp--preset--spacing--30);flex-basis:50%\">\n<div style=\"height:20px\" aria-hidden=\"true\" class=\"wp-block-spacer\"><\/div>\n\n\n\n<h3 class=\"wp-block-heading has-text-align-left has-neve-link-hover-color-color has-text-color\" style=\"font-size:28px\">Edificio de aseos<\/h3>\n\n\n\n<p class=\"has-text-align-left has-neve-text-color-color has-text-color\" style=\"font-size:17px\">Un espazo limpo e funcional con duchas, lavabos e todos os servizos hixi\u00e9nicos necesarios para as persoas aloxadas nas parcelas. Pensado para garantir a t\u00faa comodidade en todo momento!<\/p>\n<\/div>\n\n\n\n<div class=\"wp-block-column is-vertically-aligned-top is-layout-flow wp-block-column-is-layout-flow\" style=\"padding-right:var(--wp--preset--spacing--30);padding-left:var(--wp--preset--spacing--30);flex-basis:50%\">\n<div style=\"height:20px\" aria-hidden=\"true\" class=\"wp-block-spacer\"><\/div>\n\n\n\n<h3 class=\"wp-block-heading has-text-align-left has-neve-link-hover-color-color has-text-color\" style=\"font-size:28px\">Zona verde<\/h3>\n\n\n\n<p class=\"has-text-align-left has-neve-text-color-color has-text-color\" style=\"font-size:17px\">Un amplo espazo natural onde as crianzas poden correr, xogar e explorar con liberdade, sen interromper o descanso das persoas adultas. Aqu\u00ed, cada quen atopa o seu lugar.<\/p>\n<\/div>\n<\/div>\n\n\n\n<div style=\"height:20px\" aria-hidden=\"true\" class=\"wp-block-spacer\"><\/div>\n<\/div><\/div>\n\n\n\n<p><mark style=\"background-color:rgba(0, 0, 0, 0)\" class=\"has-inline-color has-neve-link-hover-color-color\"><strong>A piscina permanecer\u00e1 pechada ata a vindeira tempada. <\/strong><\/mark><mark style=\"background-color:rgba(0, 0, 0, 0)\" class=\"has-inline-color has-neve-text-color-color\">Agardamos que na t\u00faa pr\u00f3xima visita poidas gozar dela! <\/mark><\/p>\n<\/div><\/div>\n\n\n\n<div class=\"wp-block-cover alignfull\"><span aria-hidden=\"true\" class=\"wp-block-cover__background has-neve-link-hover-color-background-color has-background-dim-100 has-background-dim\"><\/span><div class=\"wp-block-cover__inner-container is-layout-flow wp-block-cover-is-layout-flow\">\n<div class=\"wp-block-columns is-layout-flex wp-container-core-columns-is-layout-9d6595d7 wp-block-columns-is-layout-flex\">\n<div class=\"wp-block-column is-layout-flow wp-block-column-is-layout-flow\">\n<div style=\"height:40px\" aria-hidden=\"true\" class=\"wp-block-spacer\"><\/div>\n\n\n\n<div class=\"wp-block-columns is-layout-flex wp-container-core-columns-is-layout-9d6595d7 wp-block-columns-is-layout-flex\">\n<div class=\"wp-block-column is-vertically-aligned-center is-layout-flow wp-block-column-is-layout-flow\">\n<h2 class=\"wp-block-heading\" style=\"padding-right:var(--wp--preset--spacing--20);padding-left:var(--wp--preset--spacing--20);font-size:28px\">Visita o CIMAR<\/h2>\n\n\n\n<p style=\"padding-right:var(--wp--preset--spacing--20);padding-left:var(--wp--preset--spacing--20);font-size:17px\">No propio recinto do c\u00e1mping atopar\u00e1s o <strong><a href=\"https:\/\/www.cimar.gal\/\">CIMAR<\/a><\/strong> \u2014Centro de Interpretaci\u00f3n da Miner\u00eda Aur\u00edfera Romana\u2014, unha xanela \u00e1 historia, \u00e1 natureza e ao patrimonio que nos rodea.<\/p>\n\n\n\n<p style=\"padding-right:var(--wp--preset--spacing--20);padding-left:var(--wp--preset--spacing--20);font-size:17px\">Poder\u00e1s achegarte a el comodamente dende o teu bungal\u00f3, mesmo en zapatillas e co caf\u00e9 do almorzo na man. Un plan perfecto para quen ten curiosidade por saber m\u00e1is sen renunciar ao descanso. Nunca foi tan f\u00e1cil mergullarse na historia dunha paisaxe \u00fanica!<\/p>\n<\/div>\n\n\n\n<div class=\"wp-block-column is-layout-flow wp-block-column-is-layout-flow\">\n<figure class=\"wp-block-image size-large has-custom-border\"><img loading=\"lazy\" decoding=\"async\" width=\"1024\" height=\"683\" src=\"https:\/\/www.xeocamping.com\/wp-content\/uploads\/2025\/05\/Mina-do-covallon-1024x683.jpg\" alt=\"\" class=\"wp-image-128\" style=\"border-radius:16px\" srcset=\"https:\/\/www.xeocamping.com\/wp-content\/uploads\/2025\/05\/Mina-do-covallon-1024x683.jpg 1024w, https:\/\/www.xeocamping.com\/wp-content\/uploads\/2025\/05\/Mina-do-covallon-300x200.jpg 300w, https:\/\/www.xeocamping.com\/wp-content\/uploads\/2025\/05\/Mina-do-covallon-768x512.jpg 768w, https:\/\/www.xeocamping.com\/wp-content\/uploads\/2025\/05\/Mina-do-covallon-1536x1024.jpg 1536w, https:\/\/www.xeocamping.com\/wp-content\/uploads\/2025\/05\/Mina-do-covallon-2048x1365.jpg 2048w, https:\/\/www.xeocamping.com\/wp-content\/uploads\/2025\/05\/Mina-do-covallon-930x620.jpg 930w\" sizes=\"auto, (max-width: 1024px) 100vw, 1024px\" \/><\/figure>\n<\/div>\n<\/div>\n<\/div>\n<\/div>\n\n\n\n<div style=\"height:20px\" aria-hidden=\"true\" class=\"wp-block-spacer\"><\/div>\n<\/div><\/div>\n","protected":false},"excerpt":{"rendered":"","protected":false},"author":1,"featured_media":0,"parent":0,"menu_order":0,"comment_status":"closed","ping_status":"closed","template":"","meta":{"neve_meta_sidebar":"","neve_meta_container":"","neve_meta_enable_content_width":"on","neve_meta_content_width":100,"neve_meta_title_alignment":"","neve_meta_author_avatar":"","neve_post_elements_order":"","neve_meta_disable_header":"","neve_meta_disable_footer":"","neve_meta_disable_title":"on","footnotes":""},"class_list":["post-12","page","type-page","status-publish","hentry"],"_links":{"self":[{"href":"https:\/\/www.xeocamping.com\/index.php\/wp-json\/wp\/v2\/pages\/12","targetHints":{"allow":["GET"]}}],"collection":[{"href":"https:\/\/www.xeocamping.com\/index.php\/wp-json\/wp\/v2\/pages"}],"about":[{"href":"https:\/\/www.xeocamping.com\/index.php\/wp-json\/wp\/v2\/types\/page"}],"author":[{"embeddable":true,"href":"https:\/\/www.xeocamping.com\/index.php\/wp-json\/wp\/v2\/users\/1"}],"replies":[{"embeddable":true,"href":"https:\/\/www.xeocamping.com\/index.php\/wp-json\/wp\/v2\/comments?post=12"}],"version-history":[{"count":45,"href":"https:\/\/www.xeocamping.com\/index.php\/wp-json\/wp\/v2\/pages\/12\/revisions"}],"predecessor-version":[{"id":460,"href":"https:\/\/www.xeocamping.com\/index.php\/wp-json\/wp\/v2\/pages\/12\/revisions\/460"}],"wp:attachment":[{"href":"https:\/\/www.xeocamping.com\/index.php\/wp-json\/wp\/v2\/media?parent=12"}],"curies":[{"name":"wp","href":"https:\/\/api.w.org\/{rel}","templated":true}]}}