{"id":122,"date":"2025-05-11T16:53:11","date_gmt":"2025-05-11T16:53:11","guid":{"rendered":"https:\/\/www.xeocamping.com\/?page_id=122"},"modified":"2025-09-11T15:12:44","modified_gmt":"2025-09-11T15:12:44","slug":"aloxamento","status":"publish","type":"page","link":"https:\/\/www.xeocamping.com\/index.php\/aloxamento\/","title":{"rendered":"Aloxamentos"},"content":{"rendered":"\n<div class=\"wp-block-cover alignfull\" style=\"padding-top:var(--wp--preset--spacing--60);padding-bottom:var(--wp--preset--spacing--60);min-height:250px;aspect-ratio:unset;\"><img loading=\"lazy\" decoding=\"async\" width=\"2560\" height=\"1707\" class=\"wp-block-cover__image-background wp-image-45 size-full\" alt=\"\" src=\"https:\/\/www.xeocamping.com\/wp-content\/uploads\/2025\/05\/meandrodacubela-scaled.jpg\" style=\"object-position:8% 20%\" data-object-fit=\"cover\" data-object-position=\"8% 20%\" srcset=\"https:\/\/www.xeocamping.com\/wp-content\/uploads\/2025\/05\/meandrodacubela-scaled.jpg 2560w, https:\/\/www.xeocamping.com\/wp-content\/uploads\/2025\/05\/meandrodacubela-300x200.jpg 300w, https:\/\/www.xeocamping.com\/wp-content\/uploads\/2025\/05\/meandrodacubela-1024x683.jpg 1024w, https:\/\/www.xeocamping.com\/wp-content\/uploads\/2025\/05\/meandrodacubela-768x512.jpg 768w, https:\/\/www.xeocamping.com\/wp-content\/uploads\/2025\/05\/meandrodacubela-1536x1024.jpg 1536w, https:\/\/www.xeocamping.com\/wp-content\/uploads\/2025\/05\/meandrodacubela-2048x1365.jpg 2048w, https:\/\/www.xeocamping.com\/wp-content\/uploads\/2025\/05\/meandrodacubela-930x620.jpg 930w\" sizes=\"auto, (max-width: 2560px) 100vw, 2560px\" \/><span aria-hidden=\"true\" class=\"wp-block-cover__background has-neve-link-hover-color-background-color has-background-dim\"><\/span><div class=\"wp-block-cover__inner-container is-layout-flow wp-block-cover-is-layout-flow\">\n<div class=\"wp-block-group\" style=\"padding-right:var(--wp--preset--spacing--30);padding-left:var(--wp--preset--spacing--30)\"><div class=\"wp-block-group__inner-container is-layout-flow wp-block-group-is-layout-flow\">\n<h1 class=\"wp-block-heading has-text-align-left has-nv-site-bg-color has-text-color\" style=\"padding-top:var(--wp--preset--spacing--70);padding-bottom:var(--wp--preset--spacing--70)\">Aloxamentos<\/h1>\n<\/div><\/div>\n<\/div><\/div>\n\n\n\n<div class=\"wp-block-cover alignfull\" style=\"min-height:600px;aspect-ratio:unset;\"><span aria-hidden=\"true\" class=\"wp-block-cover__background has-nv-light-bg-background-color has-background-dim-100 has-background-dim\"><\/span><div class=\"wp-block-cover__inner-container is-layout-flow wp-block-cover-is-layout-flow\">\n<div class=\"wp-block-group\"><div class=\"wp-block-group__inner-container is-layout-flow wp-block-group-is-layout-flow\">\n<div style=\"height:40px\" aria-hidden=\"true\" class=\"wp-block-spacer\"><\/div>\n\n\n\n<h2 class=\"wp-block-heading has-neve-link-hover-color-color has-text-color has-link-color wp-elements-437cd45ef5e0d4260d1e9a7a0b4eb8a6\" style=\"padding-right:var(--wp--preset--spacing--20);padding-bottom:0;padding-left:var(--wp--preset--spacing--20);font-size:28px\">Bungal\u00f3s<\/h2>\n\n\n\n<p class=\"has-neve-text-color-color has-text-color has-link-color wp-elements-303be28e63f388b7212fb49c629e3938\" style=\"padding-right:var(--wp--preset--spacing--20);padding-left:var(--wp--preset--spacing--20);font-size:17px\">Os nosos bungal\u00f3s, constru\u00eddos a partir de <strong><mark style=\"background-color:rgba(0, 0, 0, 0)\" class=\"has-inline-color has-neve-link-hover-color-color\">contedores mar\u00edtimos reciclados<\/mark><\/strong>, son unha alternativa moderna, ecol\u00f3xica e acolledora. Unen dese\u00f1o funcional coa calidez dun fogar, nun espazo pensado para vivir en harmon\u00eda coa natureza sen renunciar ao confort.<\/p>\n\n\n\n<p class=\"has-neve-text-color-color has-text-color has-link-color wp-elements-e6ee4c63c2769370c2e75f0f5217ca35\" style=\"padding-right:var(--wp--preset--spacing--20);padding-left:var(--wp--preset--spacing--20);font-size:17px\">Cada bungal\u00f3 leva <strong><mark style=\"background-color:rgba(0, 0, 0, 0)\" class=\"has-inline-color has-neve-link-hover-color-color\">o nome dun lugar emblem\u00e1tico do Xeoparque Monta\u00f1as do Courel<\/mark><\/strong> e est\u00e1 concibido para que te sintas en conexi\u00f3n coa contorna desde o primeiro momento.<\/p>\n\n\n\n<div class=\"wp-block-columns is-layout-flex wp-container-core-columns-is-layout-9d6595d7 wp-block-columns-is-layout-flex\">\n<div class=\"wp-block-column is-vertically-aligned-center is-layout-flow wp-block-column-is-layout-flow\" style=\"border-radius:16px\">\n<div class=\"wp-block-columns is-layout-flex wp-container-core-columns-is-layout-9d6595d7 wp-block-columns-is-layout-flex\">\n<div class=\"wp-block-column is-vertically-aligned-center is-layout-flow wp-block-column-is-layout-flow\">\n<p class=\"has-neve-text-color-color has-text-color has-link-color wp-elements-0017e80192ff0ae0afafd88af8c4d819\" style=\"padding-right:var(--wp--preset--spacing--20);padding-left:var(--wp--preset--spacing--20);font-size:17px\">Contamos con <strong><mark style=\"background-color:rgba(0, 0, 0, 0)\" class=\"has-inline-color has-neve-link-hover-color-color\">7 bungal\u00f3s climatizados<\/mark><\/strong> de 29 m\u00b2 e capacidade para 4 persoas, equipados con:<\/p>\n\n\n\n<ul class=\"wp-block-list\">\n<li class=\"has-neve-text-color-color has-text-color has-link-color wp-elements-7301264f5a210728668afaf778684693\" style=\"padding-right:0;padding-left:0;font-size:17px\">D\u00faas habitaci\u00f3ns, cun total de catro prazas.<\/li>\n\n\n\n<li class=\"has-neve-text-color-color has-text-color has-link-color wp-elements-1a1c13756dab6c4395840dedf3f3eeea\" style=\"font-size:17px\">Sal\u00f3n-comedor con coci\u00f1a, equipada con placa de induci\u00f3n, neveira, microondas e enxoval b\u00e1sico.<\/li>\n\n\n\n<li class=\"has-neve-text-color-color has-text-color has-link-color wp-elements-9654212b3ad9e35e13c625e4d9bcd324\" style=\"font-size:17px\">Cuarto de ba\u00f1o privado.<\/li>\n\n\n\n<li class=\"has-neve-text-color-color has-text-color has-link-color wp-elements-410880a07eee9726170275ae18007955\" style=\"font-size:17px\">Roupa de cama e toallas.<\/li>\n\n\n\n<li class=\"has-neve-text-color-color has-text-color has-link-color wp-elements-c68837fc4acc12e3f2358b37016af220\" style=\"font-size:17px\">Praza de aparcamento.<\/li>\n<\/ul>\n<\/div>\n\n\n\n<div class=\"wp-block-column is-layout-flow wp-block-column-is-layout-flow\">\n<figure class=\"wp-block-image size-full has-custom-border\"><img loading=\"lazy\" decoding=\"async\" width=\"2560\" height=\"1441\" src=\"https:\/\/www.xeocamping.com\/wp-content\/uploads\/2025\/05\/ZK_06649-scaled.jpg\" alt=\"\" class=\"wp-image-142\" style=\"border-style:none;border-width:0px;border-radius:16px;aspect-ratio:16\/9;object-fit:cover\" srcset=\"https:\/\/www.xeocamping.com\/wp-content\/uploads\/2025\/05\/ZK_06649-scaled.jpg 2560w, https:\/\/www.xeocamping.com\/wp-content\/uploads\/2025\/05\/ZK_06649-300x169.jpg 300w, https:\/\/www.xeocamping.com\/wp-content\/uploads\/2025\/05\/ZK_06649-1024x577.jpg 1024w, https:\/\/www.xeocamping.com\/wp-content\/uploads\/2025\/05\/ZK_06649-768x432.jpg 768w, https:\/\/www.xeocamping.com\/wp-content\/uploads\/2025\/05\/ZK_06649-1536x865.jpg 1536w, https:\/\/www.xeocamping.com\/wp-content\/uploads\/2025\/05\/ZK_06649-2048x1153.jpg 2048w\" sizes=\"auto, (max-width: 2560px) 100vw, 2560px\" \/><\/figure>\n<\/div>\n<\/div>\n\n\n\n<div class=\"wp-block-columns is-layout-flex wp-container-core-columns-is-layout-9d6595d7 wp-block-columns-is-layout-flex\">\n<div class=\"wp-block-column is-layout-flow wp-block-column-is-layout-flow\">\n<figure class=\"wp-block-image size-full has-custom-border\"><img loading=\"lazy\" decoding=\"async\" width=\"2560\" height=\"1441\" src=\"https:\/\/www.xeocamping.com\/wp-content\/uploads\/2025\/07\/ZK_07717-scaled.jpg\" alt=\"\" class=\"wp-image-289\" style=\"border-radius:16px;aspect-ratio:1;object-fit:cover\" srcset=\"https:\/\/www.xeocamping.com\/wp-content\/uploads\/2025\/07\/ZK_07717-scaled.jpg 2560w, https:\/\/www.xeocamping.com\/wp-content\/uploads\/2025\/07\/ZK_07717-300x169.jpg 300w, https:\/\/www.xeocamping.com\/wp-content\/uploads\/2025\/07\/ZK_07717-1024x576.jpg 1024w, https:\/\/www.xeocamping.com\/wp-content\/uploads\/2025\/07\/ZK_07717-768x432.jpg 768w, https:\/\/www.xeocamping.com\/wp-content\/uploads\/2025\/07\/ZK_07717-1536x865.jpg 1536w, https:\/\/www.xeocamping.com\/wp-content\/uploads\/2025\/07\/ZK_07717-2048x1153.jpg 2048w\" sizes=\"auto, (max-width: 2560px) 100vw, 2560px\" \/><\/figure>\n<\/div>\n\n\n\n<div class=\"wp-block-column is-layout-flow wp-block-column-is-layout-flow\">\n<figure class=\"wp-block-image size-full has-custom-border\"><img loading=\"lazy\" decoding=\"async\" width=\"2560\" height=\"1441\" src=\"https:\/\/www.xeocamping.com\/wp-content\/uploads\/2025\/07\/ZK_07722-scaled.jpg\" alt=\"\" class=\"wp-image-290\" style=\"border-radius:16px;aspect-ratio:1;object-fit:cover\" srcset=\"https:\/\/www.xeocamping.com\/wp-content\/uploads\/2025\/07\/ZK_07722-scaled.jpg 2560w, https:\/\/www.xeocamping.com\/wp-content\/uploads\/2025\/07\/ZK_07722-300x169.jpg 300w, https:\/\/www.xeocamping.com\/wp-content\/uploads\/2025\/07\/ZK_07722-1024x576.jpg 1024w, https:\/\/www.xeocamping.com\/wp-content\/uploads\/2025\/07\/ZK_07722-768x432.jpg 768w, https:\/\/www.xeocamping.com\/wp-content\/uploads\/2025\/07\/ZK_07722-1536x865.jpg 1536w, https:\/\/www.xeocamping.com\/wp-content\/uploads\/2025\/07\/ZK_07722-2048x1153.jpg 2048w\" sizes=\"auto, (max-width: 2560px) 100vw, 2560px\" \/><\/figure>\n<\/div>\n\n\n\n<div class=\"wp-block-column is-layout-flow wp-block-column-is-layout-flow\">\n<figure class=\"wp-block-image size-full has-custom-border\"><img loading=\"lazy\" decoding=\"async\" width=\"2560\" height=\"1441\" src=\"https:\/\/www.xeocamping.com\/wp-content\/uploads\/2025\/07\/ZK_07715-scaled.jpg\" alt=\"\" class=\"wp-image-291\" style=\"border-radius:16px;aspect-ratio:1;object-fit:cover\" srcset=\"https:\/\/www.xeocamping.com\/wp-content\/uploads\/2025\/07\/ZK_07715-scaled.jpg 2560w, https:\/\/www.xeocamping.com\/wp-content\/uploads\/2025\/07\/ZK_07715-300x169.jpg 300w, https:\/\/www.xeocamping.com\/wp-content\/uploads\/2025\/07\/ZK_07715-1024x576.jpg 1024w, https:\/\/www.xeocamping.com\/wp-content\/uploads\/2025\/07\/ZK_07715-768x432.jpg 768w, https:\/\/www.xeocamping.com\/wp-content\/uploads\/2025\/07\/ZK_07715-1536x865.jpg 1536w, https:\/\/www.xeocamping.com\/wp-content\/uploads\/2025\/07\/ZK_07715-2048x1153.jpg 2048w\" sizes=\"auto, (max-width: 2560px) 100vw, 2560px\" \/><\/figure>\n<\/div>\n<\/div>\n\n\n\n<div class=\"wp-block-columns is-layout-flex wp-container-core-columns-is-layout-9d6595d7 wp-block-columns-is-layout-flex\">\n<div class=\"wp-block-column is-layout-flow wp-block-column-is-layout-flow\">\n<figure class=\"wp-block-image size-full has-custom-border\"><img loading=\"lazy\" decoding=\"async\" width=\"2560\" height=\"1441\" src=\"https:\/\/www.xeocamping.com\/wp-content\/uploads\/2025\/05\/ZK_06626-scaled.jpg\" alt=\"\" class=\"wp-image-144\" style=\"border-radius:16px;aspect-ratio:1;object-fit:cover\" srcset=\"https:\/\/www.xeocamping.com\/wp-content\/uploads\/2025\/05\/ZK_06626-scaled.jpg 2560w, https:\/\/www.xeocamping.com\/wp-content\/uploads\/2025\/05\/ZK_06626-300x169.jpg 300w, https:\/\/www.xeocamping.com\/wp-content\/uploads\/2025\/05\/ZK_06626-1024x577.jpg 1024w, https:\/\/www.xeocamping.com\/wp-content\/uploads\/2025\/05\/ZK_06626-768x432.jpg 768w, https:\/\/www.xeocamping.com\/wp-content\/uploads\/2025\/05\/ZK_06626-1536x865.jpg 1536w, https:\/\/www.xeocamping.com\/wp-content\/uploads\/2025\/05\/ZK_06626-2048x1153.jpg 2048w\" sizes=\"auto, (max-width: 2560px) 100vw, 2560px\" \/><\/figure>\n<\/div>\n\n\n\n<div class=\"wp-block-column is-layout-flow wp-block-column-is-layout-flow\">\n<figure class=\"wp-block-image size-full has-custom-border\"><img loading=\"lazy\" decoding=\"async\" width=\"2560\" height=\"1441\" src=\"https:\/\/www.xeocamping.com\/wp-content\/uploads\/2025\/05\/ZK_06640-scaled.jpg\" alt=\"\" class=\"wp-image-138\" style=\"border-radius:16px;aspect-ratio:1;object-fit:cover\" srcset=\"https:\/\/www.xeocamping.com\/wp-content\/uploads\/2025\/05\/ZK_06640-scaled.jpg 2560w, https:\/\/www.xeocamping.com\/wp-content\/uploads\/2025\/05\/ZK_06640-300x169.jpg 300w, https:\/\/www.xeocamping.com\/wp-content\/uploads\/2025\/05\/ZK_06640-1024x577.jpg 1024w, https:\/\/www.xeocamping.com\/wp-content\/uploads\/2025\/05\/ZK_06640-768x432.jpg 768w, https:\/\/www.xeocamping.com\/wp-content\/uploads\/2025\/05\/ZK_06640-1536x865.jpg 1536w, https:\/\/www.xeocamping.com\/wp-content\/uploads\/2025\/05\/ZK_06640-2048x1153.jpg 2048w\" sizes=\"auto, (max-width: 2560px) 100vw, 2560px\" \/><\/figure>\n<\/div>\n\n\n\n<div class=\"wp-block-column is-layout-flow wp-block-column-is-layout-flow\">\n<figure class=\"wp-block-image size-full has-custom-border\"><img loading=\"lazy\" decoding=\"async\" width=\"2560\" height=\"1441\" src=\"https:\/\/www.xeocamping.com\/wp-content\/uploads\/2025\/05\/ZK_06652-scaled.jpg\" alt=\"\" class=\"wp-image-145\" style=\"border-radius:16px;aspect-ratio:1;object-fit:cover\" srcset=\"https:\/\/www.xeocamping.com\/wp-content\/uploads\/2025\/05\/ZK_06652-scaled.jpg 2560w, https:\/\/www.xeocamping.com\/wp-content\/uploads\/2025\/05\/ZK_06652-300x169.jpg 300w, https:\/\/www.xeocamping.com\/wp-content\/uploads\/2025\/05\/ZK_06652-1024x577.jpg 1024w, https:\/\/www.xeocamping.com\/wp-content\/uploads\/2025\/05\/ZK_06652-768x432.jpg 768w, https:\/\/www.xeocamping.com\/wp-content\/uploads\/2025\/05\/ZK_06652-1536x865.jpg 1536w, https:\/\/www.xeocamping.com\/wp-content\/uploads\/2025\/05\/ZK_06652-2048x1153.jpg 2048w\" sizes=\"auto, (max-width: 2560px) 100vw, 2560px\" \/><\/figure>\n<\/div>\n<\/div>\n<\/div>\n<\/div>\n<\/div><\/div>\n\n\n\n<div class=\"wp-block-buttons is-content-justification-center is-layout-flex wp-container-core-buttons-is-layout-16018d1d wp-block-buttons-is-layout-flex\">\n<div class=\"wp-block-button\"><a class=\"wp-block-button__link has-neve-link-color-background-color has-background has-custom-font-size wp-element-button\" href=\"https:\/\/www.xeocamping.com\/index.php\/reservas\/\" style=\"font-size:17px;text-transform:none\">Reserva agora<\/a><\/div>\n<\/div>\n\n\n\n<div style=\"height:40px\" aria-hidden=\"true\" class=\"wp-block-spacer\"><\/div>\n<\/div><\/div>\n\n\n\n<div class=\"wp-block-cover alignfull\" style=\"min-height:700px;aspect-ratio:unset;\"><span aria-hidden=\"true\" class=\"wp-block-cover__background has-neve-link-hover-color-background-color has-background-dim-100 has-background-dim\"><\/span><div class=\"wp-block-cover__inner-container is-layout-flow wp-block-cover-is-layout-flow\">\n<div style=\"height:40px\" aria-hidden=\"true\" class=\"wp-block-spacer\"><\/div>\n\n\n\n<div class=\"wp-block-group\"><div class=\"wp-block-group__inner-container is-layout-flow wp-block-group-is-layout-flow\">\n<h2 class=\"wp-block-heading\" style=\"padding-right:var(--wp--preset--spacing--20);padding-left:var(--wp--preset--spacing--20);font-size:28px\">Acampada<\/h2>\n\n\n\n<p class=\"has-nv-site-bg-color has-text-color has-link-color wp-elements-dd1bf0953eaaef59cf4b1f1e786a63f3\" style=\"padding-right:var(--wp--preset--spacing--20);padding-left:var(--wp--preset--spacing--20);font-size:17px\">Se es das persoas que gozan do campismo m\u00e1is tradicional, temos o lugar perfecto para ti. As nosas parcelas est\u00e1n pensadas para que poidas instalar a t\u00faa tenda ou aparcar a t\u00faa caravana con total tranquilidade, rodeado de natureza e co canto dos paxaros como despertador.<\/p>\n\n\n\n<p class=\"has-nv-site-bg-color has-text-color has-link-color wp-elements-221e940bafabb37a4e89a9622eb64d39\" style=\"padding-right:var(--wp--preset--spacing--20);padding-left:var(--wp--preset--spacing--20);font-size:17px\">Contamos con&nbsp;<strong>8 parcelas amplas<\/strong>, con capacidade de entre 3 e 6 prazas. Todas permiten a entrada de veh\u00edculos no seu interior, para maior comodidade no momento de instalarse e durante a t\u00faa estancia. Ademais, dispo\u00f1emos dunha <strong>zona de acampada libre<\/strong>, pensada para aquelas persoas que viaxan sen veh\u00edculo. Neste espazo non \u00e9 necesario facer reserva previa: s\u00f3 chega, monta a t\u00faa tenda e desfruta.<\/p>\n\n\n\n<p class=\"has-nv-site-bg-color has-text-color has-link-color wp-elements-5ee0a70450170b73df0a5a4b7159361d\" style=\"padding-right:var(--wp--preset--spacing--20);padding-left:var(--wp--preset--spacing--20);font-size:17px\">A t\u00faa estancia incl\u00fae o acceso a:<\/p>\n\n\n\n<ul class=\"wp-block-list\">\n<li style=\"font-size:17px\"><strong>Edificio de servizos com\u00fans<\/strong>, con ba\u00f1os e duchas individuais.<\/li>\n\n\n\n<li style=\"font-size:17px\"><strong>Zona de lavander\u00eda<\/strong>.<\/li>\n\n\n\n<li style=\"font-size:17px\"><strong>Tomas de corrente<\/strong> para cargar dispositivos electr\u00f3nicos.<\/li>\n\n\n\n<li style=\"font-size:17px\"><strong>Zona com\u00fan<\/strong>, con microondas e neveira compartida \u00e1 t\u00faa disposici\u00f3n.<\/li>\n<\/ul>\n\n\n\n<p class=\"has-nv-site-bg-color has-text-color has-link-color wp-elements-2a51b474d4e69d7f5f032fc0bf7ce02b\" style=\"padding-right:var(--wp--preset--spacing--20);padding-left:var(--wp--preset--spacing--20);font-size:17px\">As <strong>prazas de autocaravana<\/strong> tam\u00e9n dispo\u00f1en de acceso directo \u00e1 luz e auga, as\u00ed como a un punto de baleirado de augas.<\/p>\n\n\n\n<p class=\"has-nv-site-bg-color has-text-color has-link-color wp-elements-90b58e2968cfc8ea36ea95727bc801b8\" style=\"padding-right:var(--wp--preset--spacing--20);padding-left:var(--wp--preset--spacing--20);font-size:17px\">Aqu\u00ed, a liberdade da acampada comb\u00ednase coas comodidades que fan a experiencia m\u00e1is agradable. Ven durmir baixo as estrelas, sen renunciar ao benestar!<\/p>\n<\/div><\/div>\n\n\n\n<div class=\"wp-block-columns is-layout-flex wp-container-core-columns-is-layout-9d6595d7 wp-block-columns-is-layout-flex\">\n<div class=\"wp-block-column is-layout-flow wp-block-column-is-layout-flow\">\n<figure class=\"wp-block-image size-large has-custom-border\"><img loading=\"lazy\" decoding=\"async\" width=\"1024\" height=\"576\" src=\"https:\/\/www.xeocamping.com\/wp-content\/uploads\/2025\/07\/Zona-Acampada-01-1024x576.png\" alt=\"\" class=\"wp-image-425\" style=\"border-radius:16px\" srcset=\"https:\/\/www.xeocamping.com\/wp-content\/uploads\/2025\/07\/Zona-Acampada-01-1024x576.png 1024w, https:\/\/www.xeocamping.com\/wp-content\/uploads\/2025\/07\/Zona-Acampada-01-300x169.png 300w, https:\/\/www.xeocamping.com\/wp-content\/uploads\/2025\/07\/Zona-Acampada-01-768x432.png 768w, https:\/\/www.xeocamping.com\/wp-content\/uploads\/2025\/07\/Zona-Acampada-01-1536x864.png 1536w, https:\/\/www.xeocamping.com\/wp-content\/uploads\/2025\/07\/Zona-Acampada-01.png 1920w\" sizes=\"auto, (max-width: 1024px) 100vw, 1024px\" \/><\/figure>\n<\/div>\n\n\n\n<div class=\"wp-block-column is-layout-flow wp-block-column-is-layout-flow\">\n<figure class=\"wp-block-image size-large has-custom-border\"><img loading=\"lazy\" decoding=\"async\" width=\"1024\" height=\"576\" src=\"https:\/\/www.xeocamping.com\/wp-content\/uploads\/2025\/07\/Zona-Acampada-02-1024x576.png\" alt=\"\" class=\"wp-image-426\" style=\"border-radius:16px\" srcset=\"https:\/\/www.xeocamping.com\/wp-content\/uploads\/2025\/07\/Zona-Acampada-02-1024x576.png 1024w, https:\/\/www.xeocamping.com\/wp-content\/uploads\/2025\/07\/Zona-Acampada-02-300x169.png 300w, https:\/\/www.xeocamping.com\/wp-content\/uploads\/2025\/07\/Zona-Acampada-02-768x432.png 768w, https:\/\/www.xeocamping.com\/wp-content\/uploads\/2025\/07\/Zona-Acampada-02-1536x864.png 1536w, https:\/\/www.xeocamping.com\/wp-content\/uploads\/2025\/07\/Zona-Acampada-02.png 1920w\" sizes=\"auto, (max-width: 1024px) 100vw, 1024px\" \/><\/figure>\n<\/div>\n<\/div>\n\n\n\n<div style=\"height:20px\" aria-hidden=\"true\" class=\"wp-block-spacer\"><\/div>\n<\/div><\/div>\n\n\n\n<div class=\"wp-block-cover alignfull has-neve-text-color-color has-text-color has-link-color wp-elements-f7f41ae556e0a3c7dfabe5bfa463dbbc\" style=\"min-height:100px;aspect-ratio:unset;\"><span aria-hidden=\"true\" class=\"wp-block-cover__background has-nv-light-bg-background-color has-background-dim-100 has-background-dim\"><\/span><div class=\"wp-block-cover__inner-container is-layout-flow wp-block-cover-is-layout-flow\">\n<div class=\"wp-block-group\"><div class=\"wp-block-group__inner-container is-layout-flow wp-block-group-is-layout-flow\">\n<div class=\"wp-block-columns is-layout-flex wp-container-core-columns-is-layout-9d6595d7 wp-block-columns-is-layout-flex\">\n<div class=\"wp-block-column is-vertically-aligned-center is-layout-flow wp-block-column-is-layout-flow\">\n<div style=\"height:40px\" aria-hidden=\"true\" class=\"wp-block-spacer\"><\/div>\n\n\n\n<div class=\"wp-block-columns is-layout-flex wp-container-core-columns-is-layout-9d6595d7 wp-block-columns-is-layout-flex\">\n<div class=\"wp-block-column is-vertically-aligned-center is-layout-flow wp-block-column-is-layout-flow\" style=\"padding-right:var(--wp--preset--spacing--30);padding-left:var(--wp--preset--spacing--30);flex-basis:100%\">\n<div class=\"wp-block-columns is-layout-flex wp-container-core-columns-is-layout-9d6595d7 wp-block-columns-is-layout-flex\">\n<div class=\"wp-block-column is-layout-flow wp-block-column-is-layout-flow\"><div class=\"wp-block-image\">\n<figure class=\"aligncenter size-large has-custom-border\"><img loading=\"lazy\" decoding=\"async\" width=\"1024\" height=\"577\" src=\"https:\/\/www.xeocamping.com\/wp-content\/uploads\/2025\/05\/ZK_06691-1024x577.jpg\" alt=\"\" class=\"wp-image-146\" style=\"border-style:none;border-width:0px;border-radius:16px\" srcset=\"https:\/\/www.xeocamping.com\/wp-content\/uploads\/2025\/05\/ZK_06691-1024x577.jpg 1024w, https:\/\/www.xeocamping.com\/wp-content\/uploads\/2025\/05\/ZK_06691-300x169.jpg 300w, https:\/\/www.xeocamping.com\/wp-content\/uploads\/2025\/05\/ZK_06691-768x432.jpg 768w, https:\/\/www.xeocamping.com\/wp-content\/uploads\/2025\/05\/ZK_06691-1536x865.jpg 1536w, https:\/\/www.xeocamping.com\/wp-content\/uploads\/2025\/05\/ZK_06691-2048x1153.jpg 2048w\" sizes=\"auto, (max-width: 1024px) 100vw, 1024px\" \/><\/figure>\n<\/div><\/div>\n\n\n\n<div class=\"wp-block-column is-vertically-aligned-bottom is-layout-flow wp-block-column-is-layout-flow\" style=\"padding-right:0;padding-left:var(--wp--preset--spacing--40)\">\n<p class=\"has-neve-text-color-color has-text-color has-link-color wp-elements-ccbb5376c7411eb70a2c30bb34c40c9c\" style=\"font-size:17px\">Todas as modalidades de aloxamento incl\u00faen o acceso \u00e1 piscina (en tempada), parque infantil, zona de barbacoas, sala com\u00fan e comedor cuberto.<\/p>\n\n\n\n<p><mark style=\"background-color:rgba(0, 0, 0, 0)\" class=\"has-inline-color has-neve-link-hover-color-color\"><strong>A piscina permanecer\u00e1 pechada ata a vindeira tempada. <\/strong><\/mark><mark style=\"background-color:rgba(0, 0, 0, 0)\" class=\"has-inline-color has-neve-text-color-color\">Agardamos que na t\u00faa pr\u00f3xima visita poidas gozar dela! <\/mark><\/p>\n\n\n\n<p style=\"font-size:17px\"><strong><mark style=\"background-color:rgba(0, 0, 0, 0)\" class=\"has-inline-color has-neve-link-hover-color-color\">Queremos que poidas desfrutar ao m\u00e1ximo da experiencia<\/mark><\/strong>, xa sexa en familia, en grupo ou nunha escapada tranquila.<\/p>\n\n\n\n<div class=\"wp-block-buttons is-layout-flex wp-block-buttons-is-layout-flex\">\n<div class=\"wp-block-button\"><a class=\"wp-block-button__link has-nv-c-1-background-color has-background has-custom-font-size wp-element-button\" href=\"https:\/\/www.xeocamping.com\/index.php\/instalacions\/\" style=\"font-size:17px;text-transform:none\">M\u00e1is informaci\u00f3n<\/a><\/div>\n\n\n\n<div class=\"wp-block-button\"><a class=\"wp-block-button__link has-nv-c-1-background-color has-background has-custom-font-size wp-element-button\" href=\"https:\/\/www.xeocamping.com\/index.php\/reservas\/\" style=\"font-size:17px;text-transform:none\">Reserva agora<\/a><\/div>\n<\/div>\n<\/div>\n<\/div>\n<\/div>\n<\/div>\n<\/div>\n<\/div>\n<\/div><\/div>\n<\/div><\/div>\n\n\n\n<p><\/p>\n","protected":false},"excerpt":{"rendered":"","protected":false},"author":1,"featured_media":0,"parent":0,"menu_order":0,"comment_status":"closed","ping_status":"closed","template":"","meta":{"neve_meta_sidebar":"","neve_meta_container":"","neve_meta_enable_content_width":"on","neve_meta_content_width":100,"neve_meta_title_alignment":"","neve_meta_author_avatar":"","neve_post_elements_order":"","neve_meta_disable_header":"","neve_meta_disable_footer":"","neve_meta_disable_title":"on","footnotes":""},"class_list":["post-122","page","type-page","status-publish","hentry"],"_links":{"self":[{"href":"https:\/\/www.xeocamping.com\/index.php\/wp-json\/wp\/v2\/pages\/122","targetHints":{"allow":["GET"]}}],"collection":[{"href":"https:\/\/www.xeocamping.com\/index.php\/wp-json\/wp\/v2\/pages"}],"about":[{"href":"https:\/\/www.xeocamping.com\/index.php\/wp-json\/wp\/v2\/types\/page"}],"author":[{"embeddable":true,"href":"https:\/\/www.xeocamping.com\/index.php\/wp-json\/wp\/v2\/users\/1"}],"replies":[{"embeddable":true,"href":"https:\/\/www.xeocamping.com\/index.php\/wp-json\/wp\/v2\/comments?post=122"}],"version-history":[{"count":34,"href":"https:\/\/www.xeocamping.com\/index.php\/wp-json\/wp\/v2\/pages\/122\/revisions"}],"predecessor-version":[{"id":459,"href":"https:\/\/www.xeocamping.com\/index.php\/wp-json\/wp\/v2\/pages\/122\/revisions\/459"}],"wp:attachment":[{"href":"https:\/\/www.xeocamping.com\/index.php\/wp-json\/wp\/v2\/media?parent=122"}],"curies":[{"name":"wp","href":"https:\/\/api.w.org\/{rel}","templated":true}]}}