{"id":398,"date":"2025-07-15T20:20:00","date_gmt":"2025-07-15T20:20:00","guid":{"rendered":"https:\/\/www.xeocamping.com\/?page_id=398"},"modified":"2026-04-14T09:59:28","modified_gmt":"2026-04-14T09:59:28","slug":"reservas","status":"publish","type":"page","link":"https:\/\/www.xeocamping.com\/index.php\/reservas\/","title":{"rendered":"Reservas"},"content":{"rendered":"\n<div class=\"wp-block-cover alignfull\" style=\"padding-top:var(--wp--preset--spacing--60);padding-bottom:var(--wp--preset--spacing--60);min-height:250px;aspect-ratio:unset;\"><img loading=\"lazy\" decoding=\"async\" width=\"2560\" height=\"1707\" class=\"wp-block-cover__image-background wp-image-45 size-full\" alt=\"\" src=\"https:\/\/www.xeocamping.com\/wp-content\/uploads\/2025\/05\/meandrodacubela-scaled.jpg\" style=\"object-position:8% 20%\" data-object-fit=\"cover\" data-object-position=\"8% 20%\" srcset=\"https:\/\/www.xeocamping.com\/wp-content\/uploads\/2025\/05\/meandrodacubela-scaled.jpg 2560w, https:\/\/www.xeocamping.com\/wp-content\/uploads\/2025\/05\/meandrodacubela-300x200.jpg 300w, https:\/\/www.xeocamping.com\/wp-content\/uploads\/2025\/05\/meandrodacubela-1024x683.jpg 1024w, https:\/\/www.xeocamping.com\/wp-content\/uploads\/2025\/05\/meandrodacubela-768x512.jpg 768w, https:\/\/www.xeocamping.com\/wp-content\/uploads\/2025\/05\/meandrodacubela-1536x1024.jpg 1536w, https:\/\/www.xeocamping.com\/wp-content\/uploads\/2025\/05\/meandrodacubela-2048x1365.jpg 2048w, https:\/\/www.xeocamping.com\/wp-content\/uploads\/2025\/05\/meandrodacubela-930x620.jpg 930w\" sizes=\"auto, (max-width: 2560px) 100vw, 2560px\" \/><span aria-hidden=\"true\" class=\"wp-block-cover__background has-neve-link-hover-color-background-color has-background-dim\"><\/span><div class=\"wp-block-cover__inner-container is-layout-flow wp-block-cover-is-layout-flow\">\n<div class=\"wp-block-group\" style=\"padding-right:var(--wp--preset--spacing--30);padding-left:var(--wp--preset--spacing--30)\"><div class=\"wp-block-group__inner-container is-layout-flow wp-block-group-is-layout-flow\">\n<h1 class=\"wp-block-heading has-text-align-left has-nv-site-bg-color has-text-color\" style=\"padding-top:var(--wp--preset--spacing--70);padding-bottom:var(--wp--preset--spacing--70)\">Reservas<\/h1>\n<\/div><\/div>\n<\/div><\/div>\n\n\n\n<div style=\"height:30px\" aria-hidden=\"true\" class=\"wp-block-spacer\"><\/div>\n\n\n\n<div style=\"height:0px\" aria-hidden=\"true\" class=\"wp-block-spacer\"><\/div>\n\n\n\n<p>Selecciona as datas nas que che interesa visitarnos. O sistema indicarache o que est\u00e1 dispo\u00f1ible. Para facer a solicitude de reserva, indica o d\u00eda de entrada e o de sa\u00edda, as\u00ed como o tipo de aloxamento que desexes (podes reservar varias unidades do mesmo tipo ou combinar diferentes tipos). Ten en conta o n\u00famero m\u00e1ximo de prazas de cada producto. Os nenos e nenas de ata 3 anos non contan: a s\u00faa estancia \u00e9 de balde.<br><em><br><\/em>En funci\u00f3n dos datos introducidos, o noso motor de reservas calcular\u00e1 os custos, aplicando automaticamente os descontos por estancias longas cando proceda. Despois, preme o bot\u00f3n de RESERVAR. Lembra que deber\u00e1s enviarnos por correo o comprobante do pagamento para que a reserva quede efectivamente validada.<\/p>\n\n\n\n    <div class=\"TMrPlanPlugin_BarraIdiomas\">\n        <a href=\"https:\/\/www.xeocamping.com\/index.php\/wp-json\/wp\/v2\/pages\/398?id_idioma=0\" title=\"Espa\u00f1ol\" id=\"TMrPlanPlugin_BarraIdiomas_0\">\n        <img decoding=\"async\" class=\"TMrPlanPlugin_BarraIdiomas_Check\" alt=\"Espa\u00f1ol\" src=\"https:\/\/www.xeocamping.com\/wp-content\/plugins\/misterplan\/\/assets\/images\/languages\/bandera_0_blanco.png\">\n    <\/a>\n        <a href=\"https:\/\/www.xeocamping.com\/index.php\/wp-json\/wp\/v2\/pages\/398?id_idioma=1\" title=\"Ingl\u00e9s\" id=\"TMrPlanPlugin_BarraIdiomas_1\">\n        <img decoding=\"async\" class=\"\" alt=\"Ingl\u00e9s\" src=\"https:\/\/www.xeocamping.com\/wp-content\/plugins\/misterplan\/\/assets\/images\/languages\/bandera_1_blanco.png\">\n    <\/a>\n        <a href=\"https:\/\/www.xeocamping.com\/index.php\/wp-json\/wp\/v2\/pages\/398?id_idioma=2\" title=\"Portugu\u00e9s\" id=\"TMrPlanPlugin_BarraIdiomas_2\">\n        <img decoding=\"async\" class=\"\" alt=\"Portugu\u00e9s\" src=\"https:\/\/www.xeocamping.com\/wp-content\/plugins\/misterplan\/\/assets\/images\/languages\/bandera_2_blanco.png\">\n    <\/a>\n        <a href=\"https:\/\/www.xeocamping.com\/index.php\/wp-json\/wp\/v2\/pages\/398?id_idioma=3\" title=\"Franc\u00e9s\" id=\"TMrPlanPlugin_BarraIdiomas_3\">\n        <img decoding=\"async\" class=\"\" alt=\"Franc\u00e9s\" src=\"https:\/\/www.xeocamping.com\/wp-content\/plugins\/misterplan\/\/assets\/images\/languages\/bandera_3_blanco.png\">\n    <\/a>\n        <a href=\"https:\/\/www.xeocamping.com\/index.php\/wp-json\/wp\/v2\/pages\/398?id_idioma=4\" title=\"Italiano\" id=\"TMrPlanPlugin_BarraIdiomas_4\">\n        <img decoding=\"async\" class=\"\" alt=\"Italiano\" src=\"https:\/\/www.xeocamping.com\/wp-content\/plugins\/misterplan\/\/assets\/images\/languages\/bandera_4_blanco.png\">\n    <\/a>\n        <a href=\"https:\/\/www.xeocamping.com\/index.php\/wp-json\/wp\/v2\/pages\/398?id_idioma=5\" title=\"Alem\u00e1n\" id=\"TMrPlanPlugin_BarraIdiomas_5\">\n        <img decoding=\"async\" class=\"\" alt=\"Alem\u00e1n\" src=\"https:\/\/www.xeocamping.com\/wp-content\/plugins\/misterplan\/\/assets\/images\/languages\/bandera_5_blanco.png\">\n    <\/a>\n        <a href=\"https:\/\/www.xeocamping.com\/index.php\/wp-json\/wp\/v2\/pages\/398?id_idioma=6\" title=\"Catal\u00e1n\" id=\"TMrPlanPlugin_BarraIdiomas_6\">\n        <img decoding=\"async\" class=\"\" alt=\"Catal\u00e1n\" src=\"https:\/\/www.xeocamping.com\/wp-content\/plugins\/misterplan\/\/assets\/images\/languages\/bandera_6_blanco.png\">\n    <\/a>\n        <a href=\"https:\/\/www.xeocamping.com\/index.php\/wp-json\/wp\/v2\/pages\/398?id_idioma=7\" title=\"Gallego\" id=\"TMrPlanPlugin_BarraIdiomas_7\">\n        <img decoding=\"async\" class=\"\" alt=\"Gallego\" src=\"https:\/\/www.xeocamping.com\/wp-content\/plugins\/misterplan\/\/assets\/images\/languages\/bandera_7_blanco.png\">\n    <\/a>\n        <a href=\"https:\/\/www.xeocamping.com\/index.php\/wp-json\/wp\/v2\/pages\/398?id_idioma=8\" title=\"Euskera\" id=\"TMrPlanPlugin_BarraIdiomas_8\">\n        <img decoding=\"async\" class=\"\" alt=\"Euskera\" src=\"https:\/\/www.xeocamping.com\/wp-content\/plugins\/misterplan\/\/assets\/images\/languages\/bandera_8_blanco.png\">\n    <\/a>\n    <\/div><!-- MISTERPLAN PLUGIN 1.1.44-->\n<!-- MISTERPLAN PLUGIN MOTOR TIPO 1 ID ELEMENTO 584219 DESTINO 1 PV 9029-->\n    <script nowprocket async type=\"text\/javascript\" src=\"https:\/\/www.mrplan.es\/experiencias\/modulos\/TWidget\/lib\/TWidgetInc.php?id_casa=584219&source_plugin=MrPlanPlugin&web_plugin=https%3A%2F%2Fwww.xeocamping.com%2Findex.php%2Freservas%2F&cod_habitacion=571136-143\"><\/script>\n<div id=\"MrPlanPlugin_MotorScript\"><\/div>\n<div class=\"MrPlanPlugin_MotorContainer MrPlanPlugin_MotorContainer_1\" >\n\n\t<div nowprocket id=\"TEwsBuscadorB-1-1-584219-\" \n\t\tclass=\"TEwsWidgetInc capa_izq ancho_total\"\n\t\tTEws_id_idioma=\"0\"\n        url_confirmacion=\"https:\/\/www.xeocamping.com\/index.php\/confirmacion-de-reserva\/\"\t\t\n        TEws_id_elemento=\"584219\"\n        TEws_tipo_elemento=\"1\"\n        TEws_Hash=\"c83d929c295c4995b9f3639fbd62621bfc8f5e7f\"\n        TEws_id_destino=\"1\"\n        TEws_id_puntoventa=\"9029\"\n        TEws_autoload=\"0\"\n        TEws_fecha_ini=\"\"\n        TEws_n_noches=\"1\"\n        TEws_visualFilterOccupancy=\"0\" \n        w_contenido=\"completa\"\n\t\tBudgetV=\"2\" \n        mini_preview_V=\"2\" \n        TEws_onSearch=\"\" \n        TEws_version=\"12\" \n        TEws_tipo_widget=\"1\" \n        BV7_tipo_inicio=\"0\" \n        BV7_cambio_inicio=\"0\" \n        TEws_quitar_cabecera=\"0\" \n        TEws_iniciar_cerrado=\"0\" \n        TEws_bus_texto=\"0\" \n        TEws_sel_dispo=\"1\" \n        TEws_form_contacto=\"0\"  \n        TEws_result_in_esl=\"0\" \n        TEws_result_in_ext=\"0\" \n        TEws_cerrar_buscar=\"0\" \n        TEws_ver_resto_casas=\"0\" \n        TEws_activar_mas_menos=\"1\" \n        TEws_posicion=\"original\" \n        TEws_formato=\"2\" \n        TEws_formato_ficha=\"10\" \n        TEws_CoreSearch_V=\"7\"  \n        TEws_id_categoria=\"0\" \n        TEws_modo=\"RES\"  \n        TEws_radio=\"0\"\n        TEsw_filtro_exp=\"\" \n        TEws_filtro_casa=\"\" \n                TEws_cod_habitacion=\"584219-0\"\n                TEwsResultadoCoreSearch=\"TEwsResultCoreSearch-1-1-584219-\" \n        alt=\"MisterPlan  - Powered by RuralGest  - http:\/\/www.misterplan.es\" \n\t\ttitle_NO=\"MisterPlan  - Powered by RuralGest \"\n\t>\n        <div class=\"TMrPlanPlugin_Loading\">\n            <img decoding=\"async\" src=\"https:\/\/www.xeocamping.com\/wp-content\/plugins\/misterplan\/assets\/images\/loading.svg\">\n        <\/div>\n    <\/div>\n    <div id=\"TEwsResultCoreSearch-1-1-584219-\" class=\"capa_izq TEwsBuscador_Experiencias_evnt\" style=\"width: 100%; margin-top: 20px;\" ><\/div> \n<\/div>\n\n\n\n\n<p>Tam\u00e9n te deixamos aqu\u00ed os prezos de referencia para todos os servizos e produtos que pomos \u00e1 t\u00faa disposici\u00f3n no Xeocamping.<\/p>\n\n\n\n<div class=\"wp-block-buttons is-content-justification-center is-layout-flex wp-container-core-buttons-is-layout-16018d1d wp-block-buttons-is-layout-flex\">\n<div class=\"wp-block-button is-style-default\" id=\"https:\/\/www.xeocamping.com\/wp-content\/uploads\/2026\/04\/Carta-de-prezos-2026-Publico-GAL.pdf\"><a class=\"wp-block-button__link wp-element-button\" href=\"https:\/\/www.xeocamping.com\/wp-content\/uploads\/2026\/04\/Carta-de-prezos-2026-Publico-GAL-1.pdf\">Lista de prezos 2026<\/a><\/div>\n<\/div>\n\n\n\n<div style=\"height:70px\" aria-hidden=\"true\" class=\"wp-block-spacer\"><\/div>\n","protected":false},"excerpt":{"rendered":"<p>Selecciona as datas nas que che interesa visitarnos. O sistema indicarache o que est\u00e1 dispo\u00f1ible. Para facer a solicitude de reserva, indica o d\u00eda de entrada e o de sa\u00edda, as\u00ed como o tipo de aloxamento que desexes (podes reservar varias unidades do mesmo tipo ou combinar diferentes tipos). Ten en conta o n\u00famero m\u00e1ximo&hellip;&nbsp;<a href=\"https:\/\/www.xeocamping.com\/index.php\/reservas\/\" rel=\"bookmark\">Leer m\u00e1s &raquo;<span class=\"screen-reader-text\">Reservas<\/span><\/a><\/p>\n","protected":false},"author":1,"featured_media":0,"parent":0,"menu_order":0,"comment_status":"closed","ping_status":"closed","template":"","meta":{"neve_meta_sidebar":"","neve_meta_container":"","neve_meta_enable_content_width":"on","neve_meta_content_width":100,"neve_meta_title_alignment":"","neve_meta_author_avatar":"","neve_post_elements_order":"","neve_meta_disable_header":"","neve_meta_disable_footer":"","neve_meta_disable_title":"on","footnotes":""},"class_list":["post-398","page","type-page","status-publish","hentry"],"_links":{"self":[{"href":"https:\/\/www.xeocamping.com\/index.php\/wp-json\/wp\/v2\/pages\/398","targetHints":{"allow":["GET"]}}],"collection":[{"href":"https:\/\/www.xeocamping.com\/index.php\/wp-json\/wp\/v2\/pages"}],"about":[{"href":"https:\/\/www.xeocamping.com\/index.php\/wp-json\/wp\/v2\/types\/page"}],"author":[{"embeddable":true,"href":"https:\/\/www.xeocamping.com\/index.php\/wp-json\/wp\/v2\/users\/1"}],"replies":[{"embeddable":true,"href":"https:\/\/www.xeocamping.com\/index.php\/wp-json\/wp\/v2\/comments?post=398"}],"version-history":[{"count":11,"href":"https:\/\/www.xeocamping.com\/index.php\/wp-json\/wp\/v2\/pages\/398\/revisions"}],"predecessor-version":[{"id":638,"href":"https:\/\/www.xeocamping.com\/index.php\/wp-json\/wp\/v2\/pages\/398\/revisions\/638"}],"wp:attachment":[{"href":"https:\/\/www.xeocamping.com\/index.php\/wp-json\/wp\/v2\/media?parent=398"}],"curies":[{"name":"wp","href":"https:\/\/api.w.org\/{rel}","templated":true}]}}