{"id":413,"date":"2025-07-21T16:50:42","date_gmt":"2025-07-21T16:50:42","guid":{"rendered":"https:\/\/www.xeocamping.com\/?page_id=413"},"modified":"2025-08-28T12:37:22","modified_gmt":"2025-08-28T12:37:22","slug":"politica-de-cookies","status":"publish","type":"page","link":"https:\/\/www.xeocamping.com\/index.php\/politica-de-cookies\/","title":{"rendered":"Pol\u00edtica de Cookies"},"content":{"rendered":"\n<div class=\"wp-block-cover alignfull\" style=\"padding-top:var(--wp--preset--spacing--60);padding-bottom:var(--wp--preset--spacing--60);min-height:250px;aspect-ratio:unset;\"><img loading=\"lazy\" decoding=\"async\" width=\"2560\" height=\"1707\" class=\"wp-block-cover__image-background wp-image-45 size-full\" alt=\"\" src=\"https:\/\/www.xeocamping.com\/wp-content\/uploads\/2025\/05\/meandrodacubela-scaled.jpg\" style=\"object-position:8% 20%\" data-object-fit=\"cover\" data-object-position=\"8% 20%\" srcset=\"https:\/\/www.xeocamping.com\/wp-content\/uploads\/2025\/05\/meandrodacubela-scaled.jpg 2560w, https:\/\/www.xeocamping.com\/wp-content\/uploads\/2025\/05\/meandrodacubela-300x200.jpg 300w, https:\/\/www.xeocamping.com\/wp-content\/uploads\/2025\/05\/meandrodacubela-1024x683.jpg 1024w, https:\/\/www.xeocamping.com\/wp-content\/uploads\/2025\/05\/meandrodacubela-768x512.jpg 768w, https:\/\/www.xeocamping.com\/wp-content\/uploads\/2025\/05\/meandrodacubela-1536x1024.jpg 1536w, https:\/\/www.xeocamping.com\/wp-content\/uploads\/2025\/05\/meandrodacubela-2048x1365.jpg 2048w, https:\/\/www.xeocamping.com\/wp-content\/uploads\/2025\/05\/meandrodacubela-930x620.jpg 930w\" sizes=\"auto, (max-width: 2560px) 100vw, 2560px\" \/><span aria-hidden=\"true\" class=\"wp-block-cover__background has-neve-link-hover-color-background-color has-background-dim\"><\/span><div class=\"wp-block-cover__inner-container is-layout-flow wp-block-cover-is-layout-flow\">\n<div class=\"wp-block-group\" style=\"padding-right:var(--wp--preset--spacing--30);padding-left:var(--wp--preset--spacing--30)\"><div class=\"wp-block-group__inner-container is-layout-flow wp-block-group-is-layout-flow\">\n<h1 class=\"wp-block-heading has-text-align-left has-nv-site-bg-color has-text-color\" style=\"padding-top:var(--wp--preset--spacing--70);padding-bottom:var(--wp--preset--spacing--70)\">Pol\u00edtica de Cookies<\/h1>\n<\/div><\/div>\n<\/div><\/div>\n\n\n\n<div style=\"height:70px\" aria-hidden=\"true\" class=\"wp-block-spacer\"><\/div>\n\n\n\n<p class=\"has-neve-link-hover-color-color has-text-color has-link-color wp-elements-09e6292dcb1205187701765eed39be42\" style=\"font-size:28px\"><strong>POL\u00cdTICA DE COOKIES<\/strong><\/p>\n\n\n\n<p style=\"font-size:17px\">En AVENTEIRA S. COOP. GALEGA utilizamos as cookies ou outros arquivos de funcionalidade similar (en diante, \u201ccookies\u201d) para prestarlle un mellor servizo e proporcionarlle unha mellor experiencia de navegaci\u00f3n. AVENTEIRA S. COOP. GALEGA \u00e9 responsable das cookies e do tratamento dos datos obtidos a trav\u00e9s destas, xa sexan propias ou de terceiros, decidindo sobre a finalidade, contido e uso do tratamento da informaci\u00f3n solicitada.<\/p>\n\n\n\n<p style=\"font-size:17px\">O obxectivo desta pol\u00edtica \u00e9 informarlle de maneira clara e detallada de que \u00e9 unha cookie, cal \u00e9 a s\u00faa finalidade, que tipo de cookies utilizamos e como configuralas ou, no seu caso,&nbsp; deshabilitalas.<strong><\/strong><\/p>\n\n\n\n<p class=\"has-neve-link-color-color has-text-color has-link-color wp-elements-71ead4aca0f51481c34a6261b0f1b340\" style=\"font-size:17px\"><strong>1\/ QUE SON AS COOKIES?<\/strong><\/p>\n\n\n\n<p style=\"font-size:17px\">Unha cookie \u00e9 un ficheiro que se descarga no seu computador ao acceder a determinadas p\u00e1xinas web. As cookies permiten a unha p\u00e1xina web, entre outras cousas, almacenar e recuperar informaci\u00f3n sobre h\u00e1bitos de navegaci\u00f3n dun usuario ou un equipo e, dependendo da informaci\u00f3n que conte\u00f1an e da forma que utilice o seu equipo, poden utilizarse para co\u00f1ecer ao usuario.<\/p>\n\n\n\n<p style=\"font-size:17px\">Unha cookie \u00e9 un pequeno arquivo de texto que se almacena no seu navegador cando visita a nosa p\u00e1xina web e que garda informaci\u00f3n sobre a navegaci\u00f3n que realiza para facer m\u00e1is eficiente a experiencia de usuario. Algunhas cookies resultan esenciais para o bo funcionamento das p\u00e1xinas web, como \u00e9 o caso das cookies t\u00e9cnicas ou de personalizaci\u00f3n da interface de usuario, a\u00ednda que outras, como as cookies de an\u00e1lise ou as de publicidade&nbsp; comportamental, requiren que lle informemos e solicitar o consentimento sobre o seu uso.<\/p>\n\n\n\n<p style=\"font-size:17px\">A continuaci\u00f3n, e co obxectivo de que poida prestar un consentimento plenamente informado, detall\u00e1moslle a informaci\u00f3n de en que consiste e cal \u00e9 a finalidade de cada tipo de cookie<\/p>\n\n\n\n<p style=\"font-size:17px\">As cookies t\u00e9cnicas son aquelas que permiten ao usuario a navegaci\u00f3n a trav\u00e9s dunha p\u00e1xina web, plataforma ou aplicaci\u00f3n e a utilizaci\u00f3n das diferentes opci\u00f3ns ou servizos que nela existan, inclu\u00edndo a xesti\u00f3n e operativa da p\u00e1xina web e habilitar as s\u00faas funci\u00f3ns e servizos, como, por exemplo, identificar a sesi\u00f3n, acceder a partes de acceso restrinxido, lembrar os elementos que integran un pedido, realizar o proceso de compra dun pedido, xestionar o pago, etc. A p\u00e1xina web non pode funcionar adecuadamente sen estas cookies, polo que se consideran necesarias.<\/p>\n\n\n\n<p style=\"font-size:17px\">As cookies de preferencias ou personalizaci\u00f3n permiten \u00e1 p\u00e1xina web lembrar informaci\u00f3n que cambia a forma en que a p\u00e1xina se comporta ou o aspecto que ten de modo que o usuario acceda ao servizo con determinadas caracter\u00edsticas que poden diferenciar a s\u00faa experiencia da doutros usuarios, como, por exemplo, o idioma, o n\u00famero de resultados a mostrar cando o usuario realiza unha procura ou a rexi\u00f3n na que o usuario se atopa. Se \u00e9 o propio usuario quen elixe esas caracter\u00edsticas, por exemplo, marcando a bandeira do idioma, consid\u00e9rase un servizo expresamente solicitado a condici\u00f3n de que as cookies obedezan exclusivamente \u00e1 finalidade seleccionada de personalizaci\u00f3n.<\/p>\n\n\n\n<p style=\"font-size:17px\">As cookies de an\u00e1lise ou medici\u00f3n son aquelas que permiten comprender como interact\u00faan os visitantes coas p\u00e1xinas web e as\u00ed realizar a an\u00e1lise estat\u00edstica do uso que fan os usuarios da web dos servizos prestados. A informaci\u00f3n recollida util\u00edzase na medici\u00f3n da actividade dos sitios web ou aplicaci\u00f3n co fin de introducir melloras nos produtos e servizos ofrecidos polo responsable.<\/p>\n\n\n\n<p style=\"font-size:17px\">As cookies de marketing ou publicidade comportamental almacenan informaci\u00f3n do comportamento dos usuarios obtida a trav\u00e9s da observaci\u00f3n continuada dos seus h\u00e1bitos de navegaci\u00f3n, o que permite desenvolver un perfil espec\u00edfico para mostrar anuncios relevantes e atractivos para o usuario individual, e por tanto, m\u00e1is valiosos para os terceiros anunciantes.<\/p>\n\n\n\n<p class=\"has-neve-link-color-color has-text-color has-link-color wp-elements-4d645f3dc24a09814b69b73b11ba53f9\" style=\"font-size:17px\"><strong>2\/ PARA QUE UTILIZA AS COOKIES ESTA P\u00c1XINA WEB E CALES SON?<\/strong><\/p>\n\n\n\n<p class=\"has-neve-text-color-color has-text-color has-link-color wp-elements-ae39f4be9606f930b566ab78e02d10f6\" style=\"font-size:17px\">O detalle das cookies utilizadas nesta p\u00e1xina web \u00e9 o seguinte:<\/p>\n\n\n\n<figure class=\"wp-block-table is-style-stripes\"><table class=\"has-nv-site-bg-background-color has-background has-fixed-layout\"><tbody><tr><td class=\"has-text-align-center\" data-align=\"center\"><strong><mark style=\"background-color:rgba(0, 0, 0, 0)\" class=\"has-inline-color has-neve-link-hover-color-color\">COOKIE<\/mark><\/strong><\/td><td class=\"has-text-align-center\" data-align=\"center\"><strong><mark style=\"background-color:rgba(0, 0, 0, 0)\" class=\"has-inline-color has-neve-link-hover-color-color\">TIPO<\/mark><\/strong><\/td><td class=\"has-text-align-center\" data-align=\"center\"><strong><mark style=\"background-color:rgba(0, 0, 0, 0)\" class=\"has-inline-color has-neve-link-hover-color-color\">PROP\u00d3SITO<\/mark><\/strong><\/td><\/tr><tr><td class=\"has-text-align-center\" data-align=\"center\"><strong><mark style=\"background-color:rgba(0, 0, 0, 0)\" class=\"has-inline-color has-neve-link-color-color\">Google Analytics<\/mark><\/strong><\/td><td class=\"has-text-align-center\" data-align=\"center\"><strong>De terceiros<\/strong><\/td><td class=\"has-text-align-center\" data-align=\"center\">Recoller informaci\u00f3n sobre a navegaci\u00f3n dos usuarios polo sitio, co fin de co\u00f1ecer a orixe das visitas e outros datos similares a nivel estat\u00edstico. Non obt\u00e9n datos dos nomes ou apelidos dos usuarios nin da direcci\u00f3n postal concreta desde onde se conectan.<\/td><\/tr><tr><td class=\"has-text-align-center\" data-align=\"center\"><strong><mark style=\"background-color:rgba(0, 0, 0, 0)\" class=\"has-inline-color has-neve-link-color-color\">Facebook Connect<\/mark><\/strong><\/td><td class=\"has-text-align-center\" data-align=\"center\"><strong>De terceiros<\/strong><\/td><td class=\"has-text-align-center\" data-align=\"center\">O plugin social de Facebook \u00e9 unha ferramenta que o usuario pode utilizar para compartir informaci\u00f3n cos seus contactos na rede social Facebook.<\/td><\/tr><tr><td class=\"has-text-align-center\" data-align=\"center\"><strong><mark style=\"background-color:rgba(0, 0, 0, 0)\" class=\"has-inline-color has-neve-link-color-color\">Facebook Custom Audience<\/mark><\/strong><\/td><td class=\"has-text-align-center\" data-align=\"center\"><strong>De terceiros<\/strong><\/td><td class=\"has-text-align-center\" data-align=\"center\">O plugin social de Facebook \u00e9 unha ferramenta que o usuario pode utilizar para compartir informaci\u00f3n cos seus contactos na rede social Facebook.<\/td><\/tr><tr><td class=\"has-text-align-center\" data-align=\"center\"><strong><mark style=\"background-color:rgba(0, 0, 0, 0)\" class=\"has-inline-color has-neve-link-color-color\">Google Tag Manager<\/mark><\/strong><\/td><td class=\"has-text-align-center\" data-align=\"center\"><strong>De terceiros<\/strong><\/td><td class=\"has-text-align-center\" data-align=\"center\">Anal\u00edtica das visitas en tempo real da p\u00e1xina web. Util\u00edzase para&nbsp; monitorear o comportamento do usuario e rexistrar as p\u00e1xinas que visualizan.<\/td><\/tr><\/tbody><\/table><\/figure>\n\n\n\n<p style=\"font-size:17px\">Para as cookies de an\u00e1lise e de publicidade necesitamos o seu consentimento que poderemos obter se pulsa no bot\u00f3n \u201cAcepto\u201d na mensaxe de informaci\u00f3n que se mostra ao acceder \u00e1 nosa p\u00e1xina web.<\/p>\n\n\n\n<p style=\"font-size:17px\">Se desactiva as cookies, poder\u00e1 seguir accedendo \u00e1 web, pero \u00e9 posible que a navegaci\u00f3n por esta non sexa \u00f3ptima e alg\u00fan dos servizos ofrecidos non funcionen correctamente.<\/p>\n\n\n\n<p style=\"font-size:17px\">Se nun futuro AVENTEIRA S. COOP. GALEGA chegase a utilizar tipos de cookies diferentes \u00e1s contempladas nesta Pol\u00edtica de Cookies para prestar novos servizos ou fose necesario adaptala a novas esixencias lexislativas, notificar\u00e9mosllo.<\/p>\n\n\n\n<p style=\"font-size:17px\"><strong><mark style=\"background-color:rgba(0, 0, 0, 0)\" class=\"has-inline-color has-neve-link-color-color\">3\/ COMO PODO DESACTIVAR OU ELIMINAR AS COOKIES?<\/mark><\/strong><\/p>\n\n\n\n<p style=\"font-size:17px\">Te\u00f1a en conta que, se acepta as cookies de terceiros, deber\u00e1 eliminalas desde as opci\u00f3ns do navegador ou desde o sistema ofrecido polo propio terceiro. Pode vostede permitir, bloquear ou eliminar as cookies instaladas no seu equipo mediante a configuraci\u00f3n das opci\u00f3ns do navegador instalado no seu computador.<\/p>\n\n\n\n<ul class=\"wp-block-list\">\n<li style=\"font-size:17px\"><a href=\"https:\/\/support.microsoft.com\/es-es\/help\/17442\/windows-internet-explorer-delete-manage-cookies\">Microsoft Internet Explorer<\/a>: Men\u00fa Ferramentas &gt; Opci\u00f3ns da Internet &gt; Privacidade &gt; Configuraci\u00f3n.<\/li>\n\n\n\n<li style=\"font-size:17px\"><a href=\"https:\/\/support.mozilla.org\/es\/kb\/habilitar-y-deshabilitar-cookies-sitios-web-rastrear-preferencias?redirectlocale=es&amp;redirectslug=habilitar-y-deshabilitar-cookies-que-los-sitios-we\">Firefox<\/a>: Men\u00fa Ferramentas &gt; Opci\u00f3ns &gt; Privacidade &gt;&nbsp;Cookies.<\/li>\n\n\n\n<li style=\"font-size:17px\"><a href=\"https:\/\/support.google.com\/accounts\/answer\/61416?hl=es\">Chrome<\/a>: Men\u00fa Opci\u00f3ns &gt; Opci\u00f3ns avanzadas &gt; Privacidade.<\/li>\n\n\n\n<li style=\"font-size:17px\"><a href=\"https:\/\/support.apple.com\/es-es\/guide\/safari\/sfri11471\/mac\">Safari:<\/a> Men\u00fa Preferencias\/Privacidade.<\/li>\n\n\n\n<li style=\"font-size:17px\"><a href=\"https:\/\/support.apple.com\/es-es\/HT201265\">Safari para IOS<\/a> (iPhone e iPad): Opci\u00f3n Axustes &gt; Safari.<\/li>\n\n\n\n<li style=\"font-size:17px\"><a href=\"https:\/\/support.google.com\/chrome\/answer\/95647?co=GENIE.Platform%3DAndroid&amp;hl=es-419\">Chrome para Android<\/a>: Configuraci\u00f3n &gt; Configuraci\u00f3n de sitios web &gt; Cookies.<\/li>\n\n\n\n<li style=\"font-size:17px\"><strong>Outros navegadores: <\/strong>Consulte a documentaci\u00f3n do navegador que te\u00f1a instalado.<\/li>\n<\/ul>\n\n\n\n<p style=\"font-size:17px\"><strong><mark style=\"background-color:rgba(0, 0, 0, 0)\" class=\"has-inline-color has-neve-link-color-color\">4\/ TRANSFERENCIAS DE DATOS A TERCEIROS PA\u00cdSES<\/mark><\/strong><\/p>\n\n\n\n<p style=\"font-size:17px\">Podes informarte das transferencias a terceiros pa\u00edses que, no seu caso, realizan os terceiros identificados nesta Pol\u00edtica de Cookies, nos seus correspondentes apartados de pol\u00edticas (ver as ligaz\u00f3ns facilitadas no apartado \u201cCookies de terceiros\u201d).<\/p>\n\n\n\n<p style=\"font-size:17px\"><strong><mark style=\"background-color:rgba(0, 0, 0, 0)\" class=\"has-inline-color has-neve-link-color-color\">5\/ ELABORACI\u00d3N DE PERF\u00cdS<\/mark><\/strong><\/p>\n\n\n\n<p style=\"font-size:17px\">Non se elaborar\u00e1 ning\u00fan tipo de \u201cperfil\u201d en base \u00e1 informaci\u00f3n facilitada nin se tomar\u00e1n decisi\u00f3ns automatizadas en base a perf\u00eds.<\/p>\n\n\n\n<p style=\"font-size:17px\"><strong><mark style=\"background-color:rgba(0, 0, 0, 0)\" class=\"has-inline-color has-neve-link-color-color\">6\/ PER\u00cdODO DE CONSERVACI\u00d3N DOS DATOS<\/mark><\/strong><\/p>\n\n\n\n<p style=\"font-size:17px\">Os datos obtidos a trav\u00e9s das cookies conservaranse por un per\u00edodo m\u00e1ximo de 24 meses, tras o devandito per\u00edodo volveremos solicitar o seu consentimento.<\/p>\n\n\n\n<p style=\"font-size:17px\"><strong><mark style=\"background-color:rgba(0, 0, 0, 0)\" class=\"has-inline-color has-neve-link-color-color\">7\/ DEREITOS DOS INTERESADOS<\/mark><\/strong><\/p>\n\n\n\n<p style=\"font-size:17px\">Vostede poder\u00e1 obter m\u00e1is informaci\u00f3n sobre o tratamento de datos de car\u00e1cter persoal e de como exercer os seus dereitos consultado a nosa<strong> <\/strong><a href=\"https:\/\/www.xeocamping.com\/index.php\/aviso-legal-e-politica-de-privacidade\/\" data-type=\"page\" data-id=\"406\">Pol\u00edtica de Privacidade<\/a>.<\/p>\n\n\n\n<div style=\"height:70px\" aria-hidden=\"true\" class=\"wp-block-spacer\"><\/div>\n\n\n\n<p><\/p>\n","protected":false},"excerpt":{"rendered":"<p>POL\u00cdTICA DE COOKIES En AVENTEIRA S. COOP. GALEGA utilizamos as cookies ou outros arquivos de funcionalidade similar (en diante, \u201ccookies\u201d) para prestarlle un mellor servizo e proporcionarlle unha mellor experiencia de navegaci\u00f3n. AVENTEIRA S. COOP. GALEGA \u00e9 responsable das cookies e do tratamento dos datos obtidos a trav\u00e9s destas, xa sexan propias ou de terceiros,&hellip;&nbsp;<a href=\"https:\/\/www.xeocamping.com\/index.php\/politica-de-cookies\/\" rel=\"bookmark\">Leer m\u00e1s &raquo;<span class=\"screen-reader-text\">Pol\u00edtica de Cookies<\/span><\/a><\/p>\n","protected":false},"author":1,"featured_media":0,"parent":0,"menu_order":0,"comment_status":"closed","ping_status":"closed","template":"","meta":{"neve_meta_sidebar":"","neve_meta_container":"","neve_meta_enable_content_width":"on","neve_meta_content_width":100,"neve_meta_title_alignment":"","neve_meta_author_avatar":"","neve_post_elements_order":"","neve_meta_disable_header":"","neve_meta_disable_footer":"","neve_meta_disable_title":"on","footnotes":""},"class_list":["post-413","page","type-page","status-publish","hentry"],"_links":{"self":[{"href":"https:\/\/www.xeocamping.com\/index.php\/wp-json\/wp\/v2\/pages\/413","targetHints":{"allow":["GET"]}}],"collection":[{"href":"https:\/\/www.xeocamping.com\/index.php\/wp-json\/wp\/v2\/pages"}],"about":[{"href":"https:\/\/www.xeocamping.com\/index.php\/wp-json\/wp\/v2\/types\/page"}],"author":[{"embeddable":true,"href":"https:\/\/www.xeocamping.com\/index.php\/wp-json\/wp\/v2\/users\/1"}],"replies":[{"embeddable":true,"href":"https:\/\/www.xeocamping.com\/index.php\/wp-json\/wp\/v2\/comments?post=413"}],"version-history":[{"count":6,"href":"https:\/\/www.xeocamping.com\/index.php\/wp-json\/wp\/v2\/pages\/413\/revisions"}],"predecessor-version":[{"id":455,"href":"https:\/\/www.xeocamping.com\/index.php\/wp-json\/wp\/v2\/pages\/413\/revisions\/455"}],"wp:attachment":[{"href":"https:\/\/www.xeocamping.com\/index.php\/wp-json\/wp\/v2\/media?parent=413"}],"curies":[{"name":"wp","href":"https:\/\/api.w.org\/{rel}","templated":true}]}}