{"id":526,"date":"2026-02-19T17:12:19","date_gmt":"2026-02-19T17:12:19","guid":{"rendered":"https:\/\/www.xeocamping.com\/?page_id=526"},"modified":"2026-04-14T08:28:12","modified_gmt":"2026-04-14T08:28:12","slug":"entorno-y-recursos","status":"publish","type":"page","link":"https:\/\/www.xeocamping.com\/index.php\/es\/entorno-y-recursos\/","title":{"rendered":"Entorno y recursos"},"content":{"rendered":"\n<div class=\"wp-block-cover alignfull\" style=\"padding-top:var(--wp--preset--spacing--60);padding-bottom:var(--wp--preset--spacing--60);min-height:250px;aspect-ratio:unset;\"><img loading=\"lazy\" decoding=\"async\" width=\"2560\" height=\"1707\" class=\"wp-block-cover__image-background wp-image-45 size-full\" alt=\"\" src=\"https:\/\/www.xeocamping.com\/wp-content\/uploads\/2025\/05\/meandrodacubela-scaled.jpg\" style=\"object-position:8% 20%\" data-object-fit=\"cover\" data-object-position=\"8% 20%\" srcset=\"https:\/\/www.xeocamping.com\/wp-content\/uploads\/2025\/05\/meandrodacubela-scaled.jpg 2560w, https:\/\/www.xeocamping.com\/wp-content\/uploads\/2025\/05\/meandrodacubela-300x200.jpg 300w, https:\/\/www.xeocamping.com\/wp-content\/uploads\/2025\/05\/meandrodacubela-1024x683.jpg 1024w, https:\/\/www.xeocamping.com\/wp-content\/uploads\/2025\/05\/meandrodacubela-768x512.jpg 768w, https:\/\/www.xeocamping.com\/wp-content\/uploads\/2025\/05\/meandrodacubela-1536x1024.jpg 1536w, https:\/\/www.xeocamping.com\/wp-content\/uploads\/2025\/05\/meandrodacubela-2048x1365.jpg 2048w, https:\/\/www.xeocamping.com\/wp-content\/uploads\/2025\/05\/meandrodacubela-930x620.jpg 930w\" sizes=\"auto, (max-width: 2560px) 100vw, 2560px\" \/><span aria-hidden=\"true\" class=\"wp-block-cover__background has-neve-link-hover-color-background-color has-background-dim\"><\/span><div class=\"wp-block-cover__inner-container is-layout-flow wp-block-cover-is-layout-flow\">\n<div class=\"wp-block-group\" style=\"padding-right:var(--wp--preset--spacing--30);padding-left:var(--wp--preset--spacing--30)\"><div class=\"wp-block-group__inner-container is-layout-flow wp-block-group-is-layout-flow\">\n<h1 class=\"wp-block-heading has-text-align-left has-nv-site-bg-color has-text-color\" style=\"padding-top:var(--wp--preset--spacing--70);padding-bottom:var(--wp--preset--spacing--70)\">Entorno y recursos<\/h1>\n<\/div><\/div>\n<\/div><\/div>\n\n\n\n<div class=\"wp-block-cover alignfull\" style=\"padding-right:0;padding-left:0;min-height:200px;aspect-ratio:unset;\"><span aria-hidden=\"true\" class=\"wp-block-cover__background has-nv-light-bg-background-color has-background-dim-100 has-background-dim\"><\/span><div class=\"wp-block-cover__inner-container is-layout-flow wp-block-cover-is-layout-flow\">\n<div style=\"height:70px\" aria-hidden=\"true\" class=\"wp-block-spacer\"><\/div>\n\n\n\n<div class=\"wp-block-group\"><div class=\"wp-block-group__inner-container is-layout-flow wp-block-group-is-layout-flow\">\n<div class=\"wp-block-columns has-neve-text-color-color has-text-color is-layout-flex wp-container-core-columns-is-layout-9d6595d7 wp-block-columns-is-layout-flex\">\n<div class=\"wp-block-column is-vertically-aligned-center is-layout-flow wp-block-column-is-layout-flow\">\n<p class=\"has-neve-text-color-color has-text-color has-link-color wp-elements-6a6ec744ce942b6a5692cc8667846a37\" style=\"padding-right:var(--wp--preset--spacing--30);padding-left:var(--wp--preset--spacing--30);font-size:17px\">D\u00e9jate envolver por la naturaleza y haz de ella tu hogar durante unos d\u00edas. El Xeoc\u00e1mping Monta\u00f1as do Courel est\u00e1 situado en un enclave privilegiado, a las puertas de dos espacios naturales con reconocimiento internacional: el <mark style=\"background-color:rgba(0, 0, 0, 0)\" class=\"has-inline-color has-neve-link-hover-color-color\"><strong><a href=\"https:\/\/www.courelmountains.es\/\" data-type=\"link\" data-id=\"https:\/\/www.courelmountains.es\/\">Geoparque Monta\u00f1as do Courel<\/a><\/strong> <\/mark>y la <strong><mark style=\"background-color:rgba(0, 0, 0, 0)\" class=\"has-inline-color has-neve-link-hover-color-color\"><a href=\"https:\/\/patrimonionatural.xunta.gal\/es\/ribeira-sacra-sierra-oribio-courel\" data-type=\"link\" data-id=\"https:\/\/patrimonionatural.xunta.gal\/es\/ribeira-sacra-sierra-oribio-courel\">Reserva de la Biosfera Ribeira Sacra y Serras do Oribio e Courel<\/a><\/mark><\/strong>, ambos distinguidos por la UNESCO.<\/p>\n\n\n\n<p class=\"has-neve-text-color-color has-text-color has-link-color wp-elements-fde411a10fa69e3f972ad00ea429d0a6\" style=\"padding-right:var(--wp--preset--spacing--30);padding-left:var(--wp--preset--spacing--30);font-size:17px\">Aqu\u00ed te esperan paisajes espectaculares: monta\u00f1as que cuentan historias geol\u00f3gicas milenarias, bosques aut\u00f3ctonos que esconden leyendas, r\u00edos de aguas cristalinas y aldeas que conservan con orgullo su esencia tradicional.<\/p>\n<\/div>\n<\/div>\n<\/div><\/div>\n<\/div><\/div>\n\n\n\n<div class=\"wp-block-cover alignfull\"><span aria-hidden=\"true\" class=\"wp-block-cover__background has-neve-link-hover-color-background-color has-background-dim-100 has-background-dim\"><\/span><div class=\"wp-block-cover__inner-container is-layout-flow wp-block-cover-is-layout-flow\">\n<div style=\"height:70px\" aria-hidden=\"true\" class=\"wp-block-spacer\"><\/div>\n\n\n\n<div class=\"wp-block-group\"><div class=\"wp-block-group__inner-container is-layout-flow wp-block-group-is-layout-flow\">\n<div class=\"wp-block-columns are-vertically-aligned-center is-layout-flex wp-container-core-columns-is-layout-9d6595d7 wp-block-columns-is-layout-flex\">\n<div class=\"wp-block-column is-layout-flow wp-block-column-is-layout-flow\">\n<h2 class=\"wp-block-heading\" style=\"padding-right:0;padding-left:var(--wp--preset--spacing--30);font-size:28px\">Para personas aventureras&#8230;<\/h2>\n\n\n\n<p style=\"padding-right:0;padding-left:var(--wp--preset--spacing--30);font-size:17px\"><mark style=\"background-color:rgba(0, 0, 0, 0)\" class=\"has-inline-color has-nv-site-bg-color\">El entorno es un para\u00edso para quien busca explorar:<\/mark><\/p>\n\n\n\n<ul class=\"wp-block-list\">\n<li style=\"font-size:17px\">Senderos que conducen a <strong>cascadas escondidas<\/strong>.<\/li>\n\n\n\n<li style=\"font-size:17px\"><strong>Cuevas fascinantes<\/strong> y antiguas.<\/li>\n\n\n\n<li style=\"font-size:17px\"><strong>Miradores naturales<\/strong> que te dejar\u00e1n sin aliento.<\/li>\n<\/ul>\n\n\n\n<p style=\"padding-right:0;padding-left:var(--wp--preset--spacing--30);font-size:17px\"><mark style=\"background-color:rgba(0, 0, 0, 0)\" class=\"has-inline-color has-nv-site-bg-color\">Tambi\u00e9n puedes practicar <strong>actividades de aventura<\/strong>, como el barranquismo, con empresas locales que cuidan el entorno y garantizan la seguridad.<\/mark><\/p>\n<\/div>\n\n\n\n<div class=\"wp-block-column is-layout-flow wp-block-column-is-layout-flow\" style=\"padding-right:var(--wp--preset--spacing--40);padding-left:var(--wp--preset--spacing--40)\">\n<h2 class=\"wp-block-heading\" style=\"padding-right:0;padding-left:0;font-size:28px\">Para quien busca calma&#8230;<\/h2>\n\n\n\n<p style=\"padding-right:0;padding-left:0;font-size:17px\"><mark style=\"background-color:rgba(0, 0, 0, 0)\" class=\"has-inline-color has-nv-site-bg-color\">Si prefieres relajarte, este es el lugar ideal para desconectar del ruido y reconectar con la naturaleza. Puedes:<\/mark><\/p>\n\n\n\n<ul class=\"wp-block-list\">\n<li style=\"font-size:17px\">Pasear sin prisa entre <strong>robledales y sotos<\/strong>.<\/li>\n\n\n\n<li style=\"font-size:17px\">Descubrir peque\u00f1as aldeas con mucha alma.<\/li>\n\n\n\n<li style=\"font-size:17px\">Saborear la <strong>gastronom\u00eda rural<\/strong>, con platos tradicionales, sabor intenso y raciones \u201ccomo en casa\u201d.<\/li>\n<\/ul>\n<\/div>\n<\/div>\n<\/div><\/div>\n<\/div><\/div>\n\n\n\n<div class=\"wp-block-cover alignfull\" style=\"padding-right:0;padding-left:0;min-height:421px;aspect-ratio:unset;\"><span aria-hidden=\"true\" class=\"wp-block-cover__background has-nv-light-bg-background-color has-background-dim-100 has-background-dim\"><\/span><div class=\"wp-block-cover__inner-container is-layout-flow wp-block-cover-is-layout-flow\">\n<div class=\"wp-block-group\"><div class=\"wp-block-group__inner-container is-layout-flow wp-block-group-is-layout-flow\">\n<div style=\"height:20px\" aria-hidden=\"true\" class=\"wp-block-spacer\"><\/div>\n\n\n\n<div class=\"wp-block-columns has-neve-text-color-color has-text-color is-layout-flex wp-container-core-columns-is-layout-9d6595d7 wp-block-columns-is-layout-flex\">\n<div class=\"wp-block-column is-vertically-aligned-center is-layout-flow wp-block-column-is-layout-flow\">\n<h2 class=\"wp-block-heading has-neve-link-hover-color-color has-text-color has-link-color wp-elements-ad3541f5f33ad5e96bba0a4b51ea2a04\" style=\"padding-right:var(--wp--preset--spacing--30);padding-left:var(--wp--preset--spacing--30);font-size:28px\">El Camino de Invierno<\/h2>\n\n\n\n<p class=\"has-neve-text-color-color has-text-color has-link-color wp-elements-cfc69390e76dd730476f277b449a3d10\" style=\"padding-right:var(--wp--preset--spacing--30);padding-left:var(--wp--preset--spacing--30);font-size:17px\">El Xeoc\u00e1mping est\u00e1 situado junto al trazado oficial del <strong><mark style=\"background-color:rgba(0, 0, 0, 0)\" class=\"has-inline-color has-neve-link-hover-color-color\">Camino de Santiago, en su variante del<\/mark><\/strong> <strong><mark style=\"background-color:rgba(0, 0, 0, 0)\" class=\"has-inline-color has-neve-link-hover-color-color\"><a href=\"https:\/\/www.caminodesantiago.gal\/es\/planifica\/las-rutas\/camino-de-inverno\" data-type=\"link\" data-id=\"https:\/\/www.caminodesantiago.gal\/es\/planifica\/las-rutas\/camino-de-inverno\">Camino de Invierno<\/a><\/mark><\/strong>. Por eso, somos el lugar perfecto para ofrecer a cada peregrino el descanso y el cuidado merecidos, sin desviarse ni un solo paso de la ruta.<\/p>\n<\/div>\n\n\n\n<div class=\"wp-block-column is-layout-flow wp-block-column-is-layout-flow\">\n<figure class=\"wp-block-image size-large has-custom-border\"><img loading=\"lazy\" decoding=\"async\" width=\"1024\" height=\"577\" src=\"https:\/\/www.xeocamping.com\/wp-content\/uploads\/2025\/07\/ZK_06716-1024x577.jpg\" alt=\"\" class=\"wp-image-331\" style=\"border-radius:16px\" srcset=\"https:\/\/www.xeocamping.com\/wp-content\/uploads\/2025\/07\/ZK_06716-1024x577.jpg 1024w, https:\/\/www.xeocamping.com\/wp-content\/uploads\/2025\/07\/ZK_06716-300x169.jpg 300w, https:\/\/www.xeocamping.com\/wp-content\/uploads\/2025\/07\/ZK_06716-768x432.jpg 768w, https:\/\/www.xeocamping.com\/wp-content\/uploads\/2025\/07\/ZK_06716-1536x865.jpg 1536w, https:\/\/www.xeocamping.com\/wp-content\/uploads\/2025\/07\/ZK_06716-2048x1153.jpg 2048w\" sizes=\"auto, (max-width: 1024px) 100vw, 1024px\" \/><\/figure>\n<\/div>\n<\/div>\n<\/div><\/div>\n<\/div><\/div>\n\n\n\n<div class=\"wp-block-cover alignfull\"><span aria-hidden=\"true\" class=\"wp-block-cover__background has-neve-link-hover-color-background-color has-background-dim-100 has-background-dim\"><\/span><div class=\"wp-block-cover__inner-container is-layout-flow wp-block-cover-is-layout-flow\">\n<div style=\"height:70px\" aria-hidden=\"true\" class=\"wp-block-spacer\"><\/div>\n\n\n\n<div class=\"wp-block-group\" style=\"padding-top:0;padding-right:0;padding-bottom:0;padding-left:0\"><div class=\"wp-block-group__inner-container is-layout-constrained wp-container-core-group-is-layout-ce3938d8 wp-block-group-is-layout-constrained\">\n<div class=\"wp-block-columns is-layout-flex wp-container-core-columns-is-layout-9d6595d7 wp-block-columns-is-layout-flex\">\n<div class=\"wp-block-column is-vertically-aligned-center is-layout-flow wp-block-column-is-layout-flow\" style=\"padding-right:var(--wp--preset--spacing--60);padding-left:var(--wp--preset--spacing--60)\">\n<figure class=\"wp-block-embed aligncenter is-type-video is-provider-youtube wp-block-embed-youtube wp-embed-aspect-16-9 wp-has-aspect-ratio\"><div class=\"wp-block-embed__wrapper\">\n<div class=\"nv-iframe-embed\"><iframe loading=\"lazy\" title=\"Video Corto m\u00fasica Courel\" width=\"1200\" height=\"675\" src=\"https:\/\/www.youtube.com\/embed\/13XGBZvpckY?feature=oembed\" frameborder=\"0\" allow=\"accelerometer; autoplay; clipboard-write; encrypted-media; gyroscope; picture-in-picture; web-share\" referrerpolicy=\"strict-origin-when-cross-origin\" allowfullscreen><\/iframe><\/div>\n<\/div><\/figure>\n<\/div>\n\n\n\n<div class=\"wp-block-column is-layout-flow wp-block-column-is-layout-flow\">\n<h2 class=\"wp-block-heading\" style=\"padding-right:var(--wp--preset--spacing--30);padding-left:var(--wp--preset--spacing--30);font-size:28px\">\u00bfQu\u00e9 hacer?<\/h2>\n\n\n\n<ul class=\"wp-block-list\">\n<li style=\"font-size:17px\"><strong><a href=\"https:\/\/e31fe001-b31e-49cc-ab18-6282da92c717.usrfiles.com\/ugd\/e31fe0_03a9ec4e10f64de3955a3c35196212be.pdf\" data-type=\"link\" data-id=\"https:\/\/e31fe001-b31e-49cc-ab18-6282da92c717.usrfiles.com\/ugd\/e31fe0_03a9ec4e10f64de3955a3c35196212be.pdf\">Rutas oficiales del Geoparque Monta\u00f1as do Courel<\/a><\/strong><\/li>\n<\/ul>\n\n\n\n<ul class=\"wp-block-list\">\n<li style=\"font-size:17px\"><strong><a href=\"https:\/\/turismo.ribeirasacra.org\/es\/senderismo-en-la-montana-suroriental\" data-type=\"link\" data-id=\"https:\/\/turismo.ribeirasacra.org\/es\/senderismo-en-la-montana-suroriental\">Rutas de la Reserva de la Biosfera Ribeira Sacra y Serras do Oribio e Courel<\/a><\/strong><\/li>\n<\/ul>\n\n\n\n<ul class=\"wp-block-list\">\n<li style=\"font-size:17px\"><strong><a href=\"https:\/\/www.courelmountains.es\/barranquismo\" data-type=\"link\" data-id=\"https:\/\/www.courelmountains.es\/barranquismo\">Actividades de aventura<\/a><\/strong> (barranquismo, senderismo, observaci\u00f3n de la naturaleza, etc.)<\/li>\n<\/ul>\n\n\n\n<ul class=\"wp-block-list\">\n<li style=\"font-size:17px\">Eventos y fiestas locales<\/li>\n<\/ul>\n\n\n\n<div class=\"wp-block-buttons is-layout-flex wp-block-buttons-is-layout-flex\">\n<div class=\"wp-block-button\"><a class=\"wp-block-button__link has-nv-c-1-background-color has-background has-custom-font-size wp-element-button\" href=\"https:\/\/www.google.com\/maps\/d\/u\/0\/viewer?mid=1-H-TlEHUi9nIsY57z8YGJRhqtL4YbDza&amp;femb=1&amp;ll=42.50578814295513%2C-7.205164421458448&amp;z=10\" style=\"font-size:17px;text-transform:none\">Mapa interactivo de recursos<\/a><\/div>\n<\/div>\n<\/div>\n<\/div>\n<\/div><\/div>\n\n\n\n<div style=\"height:20px\" aria-hidden=\"true\" class=\"wp-block-spacer\"><\/div>\n<\/div><\/div>\n\n\n\n<div class=\"wp-block-cover alignfull\" style=\"padding-right:0;padding-left:0;min-height:421px;aspect-ratio:unset;\"><span aria-hidden=\"true\" class=\"wp-block-cover__background has-nv-light-bg-background-color has-background-dim-100 has-background-dim\"><\/span><div class=\"wp-block-cover__inner-container is-layout-flow wp-block-cover-is-layout-flow\">\n<div class=\"wp-block-group\"><div class=\"wp-block-group__inner-container is-layout-flow wp-block-group-is-layout-flow\">\n<div style=\"height:75px\" aria-hidden=\"true\" class=\"wp-block-spacer\"><\/div>\n\n\n\n<div class=\"wp-block-columns has-neve-text-color-color has-text-color is-layout-flex wp-container-core-columns-is-layout-9d6595d7 wp-block-columns-is-layout-flex\">\n<div class=\"wp-block-column is-vertically-aligned-center is-layout-flow wp-block-column-is-layout-flow\">\n<h2 class=\"wp-block-heading has-neve-link-hover-color-color has-text-color has-link-color wp-elements-cf0e1ff263723f678cef614e39d529cb\" style=\"padding-right:var(--wp--preset--spacing--30);padding-left:var(--wp--preset--spacing--30);font-size:28px\">Programa de actividades escolares<\/h2>\n\n\n\n<p class=\"has-neve-text-color-color has-text-color has-link-color wp-elements-d5be42544a0f80f2f0cd4d6a08782c21\" style=\"padding-right:var(--wp--preset--spacing--30);padding-left:var(--wp--preset--spacing--30);font-size:17px\">En el <strong><mark style=\"background-color:rgba(0, 0, 0, 0)\" class=\"has-inline-color has-neve-link-hover-color-color\">Xeoc\u00e1mping Monta\u00f1as do Courel<\/mark><\/strong>, la naturaleza se convierte en el mejor aula. Ofrecemos un <strong><mark style=\"background-color:rgba(0, 0, 0, 0)\" class=\"has-inline-color has-neve-link-hover-color-color\">programa educativo y l\u00fadico<\/mark><\/strong> en el coraz\u00f3n del <strong><mark style=\"background-color:rgba(0, 0, 0, 0)\" class=\"has-inline-color has-neve-link-hover-color-color\"><a href=\"https:\/\/geoparques.es\/portfolio_page\/montanas-do-courel\/\" data-type=\"link\" data-id=\"https:\/\/geoparques.es\/portfolio_page\/montanas-do-courel\/\">Geoparque Mundial UNESCO Monta\u00f1as do Courel<\/a><\/mark><\/strong>, donde el alumnado aprende explorando, jugando y conviviendo.<\/p>\n\n\n\n<p class=\"has-neve-text-color-color has-text-color has-link-color wp-elements-cecb0ceda7726cc8aee263520274596f\" style=\"padding-right:var(--wp--preset--spacing--30);padding-left:var(--wp--preset--spacing--30);font-size:17px\">Nuestras actividades fomentan <mark style=\"background-color:rgba(0, 0, 0, 0)\" class=\"has-inline-color has-neve-link-hover-color-color\"><strong>la curiosidad, el trabajo en equipo y el respeto por el medio ambiente<\/strong><\/mark>, siempre con el acompa\u00f1amiento de un equipo educativo especializado.<\/p>\n\n\n\n<ul style=\"font-size:17px\" class=\"wp-block-list\">\n<li><strong><mark style=\"background-color:rgba(0, 0, 0, 0)\" class=\"has-inline-color has-neve-link-hover-color-color\">Excursiones escolares<\/mark><\/strong> de d\u00eda o de medio d\u00eda, ideales para descubrir los secretos geol\u00f3gicos, naturales y culturales de O Courel de forma divertida y participativa.<\/li>\n<\/ul>\n\n\n\n<ul style=\"font-size:17px\" class=\"wp-block-list\">\n<li><strong><mark style=\"background-color:rgba(0, 0, 0, 0)\" class=\"has-inline-color has-neve-link-hover-color-color\">Mini-campamentos con pernocta<\/mark><\/strong>, para quien quiera ir m\u00e1s all\u00e1 y vivir la experiencia \u00fanica de dormir bajo las estrellas, en tiendas de campa\u00f1a montadas por el propio grupo. Una forma diferente de aprender y convivir, que promueve la autonom\u00eda, la amistad y el contacto directo con la naturaleza.<\/li>\n<\/ul>\n\n\n\n<div class=\"wp-block-buttons is-content-justification-center is-layout-flex wp-container-core-buttons-is-layout-16018d1d wp-block-buttons-is-layout-flex\">\n<div class=\"wp-block-button\"><a class=\"wp-block-button__link has-neve-link-color-background-color has-background has-custom-font-size wp-element-button\" href=\"https:\/\/www.xeocamping.com\/wp-content\/uploads\/2025\/10\/Dossier-Centros-Educativos_Xeocamping-Montanas-do-Courel_compressed.pdf\" style=\"font-size:17px;text-transform:none\">Programa de actividades escolares<\/a><\/div>\n<\/div>\n<\/div>\n\n\n\n<div class=\"wp-block-column is-layout-flow wp-block-column-is-layout-flow\"><div class=\"wp-block-image\">\n<figure class=\"aligncenter size-large is-resized has-custom-border\"><img loading=\"lazy\" decoding=\"async\" width=\"576\" height=\"1024\" src=\"https:\/\/www.xeocamping.com\/wp-content\/uploads\/2025\/10\/001-576x1024.png\" alt=\"\" class=\"wp-image-469\" style=\"border-radius:16px;width:317px;height:auto\" srcset=\"https:\/\/www.xeocamping.com\/wp-content\/uploads\/2025\/10\/001-576x1024.png 576w, https:\/\/www.xeocamping.com\/wp-content\/uploads\/2025\/10\/001-169x300.png 169w, https:\/\/www.xeocamping.com\/wp-content\/uploads\/2025\/10\/001-768x1365.png 768w, https:\/\/www.xeocamping.com\/wp-content\/uploads\/2025\/10\/001-864x1536.png 864w, https:\/\/www.xeocamping.com\/wp-content\/uploads\/2025\/10\/001.png 1080w\" sizes=\"auto, (max-width: 576px) 100vw, 576px\" \/><\/figure>\n<\/div><\/div>\n<\/div>\n<\/div><\/div>\n<\/div><\/div>\n\n\n\n<p><\/p>\n","protected":false},"excerpt":{"rendered":"","protected":false},"author":1,"featured_media":0,"parent":0,"menu_order":0,"comment_status":"closed","ping_status":"closed","template":"","meta":{"neve_meta_sidebar":"","neve_meta_container":"","neve_meta_enable_content_width":"on","neve_meta_content_width":100,"neve_meta_title_alignment":"","neve_meta_author_avatar":"","neve_post_elements_order":"","neve_meta_disable_header":"","neve_meta_disable_footer":"","neve_meta_disable_title":"on","footnotes":""},"class_list":["post-526","page","type-page","status-publish","hentry"],"_links":{"self":[{"href":"https:\/\/www.xeocamping.com\/index.php\/wp-json\/wp\/v2\/pages\/526","targetHints":{"allow":["GET"]}}],"collection":[{"href":"https:\/\/www.xeocamping.com\/index.php\/wp-json\/wp\/v2\/pages"}],"about":[{"href":"https:\/\/www.xeocamping.com\/index.php\/wp-json\/wp\/v2\/types\/page"}],"author":[{"embeddable":true,"href":"https:\/\/www.xeocamping.com\/index.php\/wp-json\/wp\/v2\/users\/1"}],"replies":[{"embeddable":true,"href":"https:\/\/www.xeocamping.com\/index.php\/wp-json\/wp\/v2\/comments?post=526"}],"version-history":[{"count":3,"href":"https:\/\/www.xeocamping.com\/index.php\/wp-json\/wp\/v2\/pages\/526\/revisions"}],"predecessor-version":[{"id":553,"href":"https:\/\/www.xeocamping.com\/index.php\/wp-json\/wp\/v2\/pages\/526\/revisions\/553"}],"wp:attachment":[{"href":"https:\/\/www.xeocamping.com\/index.php\/wp-json\/wp\/v2\/media?parent=526"}],"curies":[{"name":"wp","href":"https:\/\/api.w.org\/{rel}","templated":true}]}}