{"id":574,"date":"2026-04-14T08:59:36","date_gmt":"2026-04-14T08:59:36","guid":{"rendered":"https:\/\/www.xeocamping.com\/?page_id=574"},"modified":"2026-04-14T08:59:37","modified_gmt":"2026-04-14T08:59:37","slug":"aviso-legal-y-politica-de-privacidad","status":"publish","type":"page","link":"https:\/\/www.xeocamping.com\/index.php\/es\/aviso-legal-y-politica-de-privacidad\/","title":{"rendered":"Aviso Legal y Pol\u00edtica de Privacidad"},"content":{"rendered":"\n<div class=\"wp-block-cover alignfull\" style=\"padding-top:var(--wp--preset--spacing--60);padding-bottom:var(--wp--preset--spacing--60);min-height:250px;aspect-ratio:unset;\"><img loading=\"lazy\" decoding=\"async\" width=\"2560\" height=\"1707\" class=\"wp-block-cover__image-background wp-image-45 size-full\" alt=\"\" src=\"https:\/\/www.xeocamping.com\/wp-content\/uploads\/2025\/05\/meandrodacubela-scaled.jpg\" style=\"object-position:8% 20%\" data-object-fit=\"cover\" data-object-position=\"8% 20%\" srcset=\"https:\/\/www.xeocamping.com\/wp-content\/uploads\/2025\/05\/meandrodacubela-scaled.jpg 2560w, https:\/\/www.xeocamping.com\/wp-content\/uploads\/2025\/05\/meandrodacubela-300x200.jpg 300w, https:\/\/www.xeocamping.com\/wp-content\/uploads\/2025\/05\/meandrodacubela-1024x683.jpg 1024w, https:\/\/www.xeocamping.com\/wp-content\/uploads\/2025\/05\/meandrodacubela-768x512.jpg 768w, https:\/\/www.xeocamping.com\/wp-content\/uploads\/2025\/05\/meandrodacubela-1536x1024.jpg 1536w, https:\/\/www.xeocamping.com\/wp-content\/uploads\/2025\/05\/meandrodacubela-2048x1365.jpg 2048w, https:\/\/www.xeocamping.com\/wp-content\/uploads\/2025\/05\/meandrodacubela-930x620.jpg 930w\" sizes=\"auto, (max-width: 2560px) 100vw, 2560px\" \/><span aria-hidden=\"true\" class=\"wp-block-cover__background has-neve-link-hover-color-background-color has-background-dim\"><\/span><div class=\"wp-block-cover__inner-container is-layout-flow wp-block-cover-is-layout-flow\">\n<div class=\"wp-block-group\" style=\"padding-right:var(--wp--preset--spacing--30);padding-left:var(--wp--preset--spacing--30)\"><div class=\"wp-block-group__inner-container is-layout-flow wp-block-group-is-layout-flow\">\n<h1 class=\"wp-block-heading has-text-align-left has-nv-site-bg-color has-text-color\" style=\"padding-top:var(--wp--preset--spacing--70);padding-bottom:var(--wp--preset--spacing--70)\">Aviso Legal y Pol\u00edtica de Privacidad<\/h1>\n<\/div><\/div>\n<\/div><\/div>\n\n\n\n<div style=\"height:70px\" aria-hidden=\"true\" class=\"wp-block-spacer\"><\/div>\n\n\n\n<p class=\"has-neve-link-hover-color-color has-text-color has-link-color wp-elements-66b164dfbb42fda81c455d8b1880b291\" style=\"font-size:28px\"><strong>AVISO LEGAL<\/strong><\/p>\n\n\n\n<p class=\"has-neve-link-color-color has-text-color has-link-color wp-elements-1dc4220694ac73debc055cd9d1389e15\" style=\"font-size:17px\"><strong>1\/ DATOS DE LA ENTIDAD<\/strong><\/p>\n\n\n\n<p style=\"font-size:17px\">En cumplimiento del art\u00edculo 10 de la Ley 34\/2002, de 11 de julio, de Servicios de la Sociedad de la Informaci\u00f3n y Comercio Electr\u00f3nico, AVENTEIRA S. COOP. GALEGA le informa de que sus datos identificativos son los siguientes:<\/p>\n\n\n\n<p><strong>Denominaci\u00f3n social:<\/strong> AVENTEIRA S. COOP. GALEGA<br><strong>CIF:<\/strong> F70577010<br><strong>Domicilio social:<\/strong> AVDA. CONCES 61 2 PORTA 3, 15500 &#8211; FENE (A Coru\u00f1a)<br><strong>Tel\u00e9fono:<\/strong> 623 016 489<br><strong>Correo electr\u00f3nico a efectos de comunicaci\u00f3n:<\/strong> <a>xestion@aventeira.com<\/a><br><strong>Dominio web:<\/strong> <a href=\"http:\/\/www.xeocamping.com\">www.xeocamping.com<\/a><\/p>\n\n\n\n<p>Todas las notificaciones y comunicaciones entre los usuarios y AVENTEIRA S. COOP. GALEGA se considerar\u00e1n eficaces, a todos los efectos, cuando se realicen a trav\u00e9s de correo postal o cualquier otro medio de los detallados anteriormente.<\/p>\n\n\n\n<p style=\"font-size:17px\">AVENTEIRA S. COOP. GALEGA se encuentra inscrita en el Registro de Empresas y Actividades Tur\u00edsticas con el N\u00ba TU984G RITGA-E-2025-010056, necesario para desarrollar las actividades desempe\u00f1adas por la misma. El \u00f3rgano competente encargado de su supervisi\u00f3n es la Agencia Turismo de Galicia, dependiente de la Presidencia de la Xunta de Galicia. mesmo. O \u00f3rgano competente encargado da s\u00faa supervisi\u00f3n \u00e9 a Axencia Turismo de Galicia, dependente da Presidencia da Xunta de Galicia.<\/p>\n\n\n\n<p class=\"has-neve-link-color-color has-text-color has-link-color wp-elements-4b0c6f3a16d90365a93e93414f4d5f87\" style=\"font-size:17px\"><strong>2\/ CONDICIONES DE ACCESO Y UTILIZACI\u00d3N<\/strong><\/p>\n\n\n\n<p style=\"font-size:17px\">El presente Aviso Legal regula el uso del sitio web <a href=\"http:\/\/www.xeocamping.com\">www.xeocamping.com<\/a> (en adelante, LA WEB), del que es titular AVENTEIRA S. COOP. GALEGA.<\/p>\n\n\n\n<p>La navegaci\u00f3n por la web de AVENTEIRA S. COOP. GALEGA atribuye la condici\u00f3n de usuario de la misma e implica la aceptaci\u00f3n plena y sin reservas de todas y cada una de las disposiciones incluidas en este Aviso Legal, que pueden sufrir modificaciones.<\/p>\n\n\n\n<p>El sitio web y sus servicios son de acceso libre y gratuito. No obstante, AVENTEIRA S. COOP. GALEGA condiciona la utilizaci\u00f3n de algunos de los servicios ofrecidos en su web al previo cumplimentado del correspondiente formulario.<\/p>\n\n\n\n<p>Todos los contenidos del sitio web, como textos, fotograf\u00edas, gr\u00e1ficos, im\u00e1genes, iconos, tecnolog\u00eda, software, as\u00ed como su dise\u00f1o y c\u00f3digos fuente, constituyen una obra cuya propiedad pertenece a AVENTEIRA S. COOP. GALEGA, sin que puedan entenderse cedidos al usuario ninguno de los derechos de explotaci\u00f3n sobre los mismos m\u00e1s all\u00e1 de lo estrictamente necesario para el correcto uso de la web.<\/p>\n\n\n\n<p>El usuario garantiza la autenticidad y actualidad de todos aquellos datos que comunique a AVENTEIRA S. COOP. GALEGA y ser\u00e1 el \u00fanico responsable de las manifestaciones falsas o inexactas que realice.<\/p>\n\n\n\n<p style=\"font-size:17px\">El usuario se obliga a hacer un uso correcto del sitio web de conformidad con las leyes, la buena fe, el orden p\u00fablico, los usos del tr\u00e1fico y el presente Aviso Legal. El usuario responder\u00e1 frente a AVENTEIRA S. COOP. GALEGA o frente a terceros de cualquier da\u00f1o o perjuicio que pudiera causarse como consecuencia del incumplimiento de dicha obligaci\u00f3n.<\/p>\n\n\n\n<p class=\"has-neve-link-color-color has-text-color has-link-color wp-elements-74adff1203d3a89d5926ed98cf29a529\" style=\"font-size:17px\"><strong>3\/ POL\u00cdTICA DE ENLACES Y EXENCI\u00d3N DE RESPONSABILIDADES<\/strong><\/p>\n\n\n\n<p style=\"font-size:17px\">AVENTEIRA S. COOP. GALEGA no se hace responsable del contenido de las p\u00e1ginas web a las que el usuario pueda acceder a trav\u00e9s de los enlaces establecidos en LA WEB y declara que en ning\u00fan caso proceder\u00e1 a examinar o ejercer ning\u00fan tipo de control sobre el contenido de otras p\u00e1ginas de la red. Asimismo, tampoco garantizar\u00e1 la disponibilidad t\u00e9cnica, exactitud, veracidad, validez o legalidad de p\u00e1ginas ajenas a su propiedad a las que se pueda acceder por medio de los enlaces.<\/p>\n\n\n\n<p style=\"font-size:17px\">AVENTEIRA S. COOP. GALEGA declara adoptar todas las medidas necesarias para evitar cualquier da\u00f1o que, a los usuarios de LA WEB, pudiera derivarse de la navegaci\u00f3n por la misma. En consecuencia, AVENTEIRA S. COOP. GALEGA no se hace responsable, en ning\u00fan caso, de los eventuales da\u00f1os que por la navegaci\u00f3n por Internet pudiera sufrir el usuario.<\/p>\n\n\n\n<p class=\"has-neve-link-color-color has-text-color has-link-color wp-elements-a93ce2bece7faba9d46812998fb63f17\" style=\"font-size:17px\"><strong>4\/ USO DE COOKIES Y DATOS ESTAD\u00cdSTICOS<\/strong><\/p>\n\n\n\n<p style=\"font-size:17px\">Esta p\u00e1gina web puede recoger datos de sus visitantes mediante el uso de cookies, donde se solicitar\u00e1 informaci\u00f3n personal relacionada con su navegaci\u00f3n. Para conocer de manera clara y precisa las cookies que utilizamos, cu\u00e1les son sus finalidades y c\u00f3mo puede configurarlas o deshabilitarlas, consulte nuestra <a href=\"https:\/\/www.xeocamping.com\/index.php\/politica-de-cookies\/\" data-type=\"link\" data-id=\"https:\/\/www.xeocamping.com\/index.php\/politica-de-cookies\/\">Pol\u00edtica de Cookies<\/a>, en su caso.<\/p>\n\n\n\n<p style=\"font-size:17px\">El usuario tiene la posibilidad de configurar su navegador de modo que se le informe de la recepci\u00f3n de cookies, pudiendo, si as\u00ed lo desea, impedir que sean instaladas en su disco duro.<\/p>\n\n\n\n<p class=\"has-neve-link-color-color has-text-color has-link-color wp-elements-4b7e40787fdde99c0d3683b2b08b697f\" style=\"font-size:17px\"><strong>5\/ PROTECCI\u00d3N DE DATOS<\/strong><\/p>\n\n\n\n<p style=\"font-size:17px\">En el caso de que en la web se recojan datos de car\u00e1cter personal, para m\u00e1s informaci\u00f3n consultar el apartado correspondiente de Pol\u00edtica de Privacidad.<\/p>\n\n\n\n<p class=\"has-neve-link-color-color has-text-color has-link-color wp-elements-736a3f9386be75c59c01f353ae73e82a\" style=\"font-size:17px\"><strong>6\/ IDIOMA DE LOS TEXTOS LEGALES<\/strong><\/p>\n\n\n\n<p style=\"font-size:17px\">La versi\u00f3n en gallego de los acuerdos y pol\u00edticas legales se considera la \u00fanica versi\u00f3n actual y v\u00e1lida. Las versiones traducidas se proporcionan \u00fanicamente para facilitar la lectura y comprensi\u00f3n de las versiones en gallego. Las versiones traducidas no son legalmente vinculantes y no sustituyen a la versi\u00f3n en gallego. En caso de conflicto o desacuerdo, los acuerdos y pol\u00edticas legales en gallego prevalecer\u00e1n en todas las circunstancias.<\/p>\n\n\n\n<p class=\"has-neve-link-color-color has-text-color has-link-color wp-elements-49bb0fe8220d30080f6e75898dc0e39c\" style=\"font-size:17px\"><strong>7\/ RESOLUCI\u00d3N DE CONTROVERSIAS: LEY APLICABLE Y JURISDICCI\u00d3N<\/strong><\/p>\n\n\n\n<p style=\"font-size:17px\">Las presentes Condiciones Generales de Uso, as\u00ed como el uso del sitio web, se regir\u00e1n por la legislaci\u00f3n espa\u00f1ola. Para la resoluci\u00f3n de cualquier controversia, las partes se someter\u00e1n a los Juzgados y Tribunales del domicilio social del responsable del sitio web.<\/p>\n\n\n\n<p style=\"font-size:17px\">En caso de que cualquier estipulaci\u00f3n de las presentes Condiciones Generales de Uso resultase inexigible o nula en virtud de la legislaci\u00f3n aplicable o como consecuencia de una resoluci\u00f3n judicial o administrativa, dicha inexigibilidad o nulidad no har\u00e1 que las presentes Condiciones Generales de Uso resulten inexigibles o nulas en su conjunto. En dichos casos, la empresa proceder\u00e1 a la modificaci\u00f3n o sustituci\u00f3n de dicha estipulaci\u00f3n por otra que sea v\u00e1lida y exigible y que, en la medida de lo posible, consiga el objetivo y la intenci\u00f3n reflejados en la estipulaci\u00f3n original.<\/p>\n\n\n\n<p class=\"has-neve-link-hover-color-color has-text-color has-link-color wp-elements-a9c7f57f8e0b8dc7132bf8059e940201\" style=\"font-size:28px\"><strong>POL\u00cdTICA DE PRIVACIDAD<\/strong><\/p>\n\n\n\n<p style=\"font-size:17px\"><strong><mark style=\"background-color:rgba(0, 0, 0, 0)\" class=\"has-inline-color has-neve-link-color-color\">1\/ DERECHO DE INFORMACI\u00d3N<\/mark><\/strong><\/p>\n\n\n\n<p style=\"font-size:17px\">A los efectos de lo dispuesto en el Reglamento (UE) 2016\/679 de 27 de abril de 2016 (RGPD), relativo a la protecci\u00f3n de las personas f\u00edsicas en lo que respecta al tratamiento de datos personales y a la libre circulaci\u00f3n de estos datos, y en la Ley Org\u00e1nica 3\/2018 de 5 de diciembre, de Protecci\u00f3n de Datos Personales y garant\u00eda de los derechos digitales (LOPDGDD), se informa al usuario de la existencia de un tratamiento automatizado de datos de car\u00e1cter personal creado por AVENTEIRA S. COOP. GALEGA y bajo su responsabilidad, con los datos personales que nos pudiera facilitar durante la navegaci\u00f3n por nuestro sitio web, ya sea en el momento de su registro o cuando remita un mensaje de correo electr\u00f3nico.<\/p>\n\n\n\n<p class=\"has-neve-link-color-color has-text-color has-link-color wp-elements-d6c2b35a63bcbe2266cd1613797eb3d7\" style=\"font-size:17px\"><strong>2\/ RESPONSABLE DEL TRATAMIENTO<\/strong><\/p>\n\n\n\n<p><strong>Denominaci\u00f3n social:<\/strong> AVENTEIRA S. COOP. GALEGA<br><strong>CIF:<\/strong> F70577010<br><strong>Domicilio social:<\/strong> AVDA. CONCES 61 2 PORTA 3, 15500 &#8211; FENE (A Coru\u00f1a)<br><strong>Tel\u00e9fono:<\/strong> 623 016 489<br><strong>Correo electr\u00f3nico:<\/strong><a>xestion@aventeira.com<\/a><\/p>\n\n\n\n<p class=\"has-neve-link-color-color has-text-color has-link-color wp-elements-41965ec41bac539865c6321bd0207c50\" style=\"font-size:17px\"><strong>3\/ FINALIDAD DEL TRATAMIENTO<\/strong><\/p>\n\n\n\n<p style=\"font-size:17px\">Le indicamos que la finalidad del tratamiento de sus datos es la descrita en cada uno de los formularios establecidos en la p\u00e1gina web en los que usted nos facilita sus datos.<\/p>\n\n\n\n<ul class=\"wp-block-list\">\n<li style=\"font-size:17px\"><strong>CONTACTO: <\/strong>Gestionar su solicitud y enviarle informaci\u00f3n m\u00e1s detallada.<\/li>\n<\/ul>\n\n\n\n<ul class=\"wp-block-list\">\n<li style=\"font-size:17px\"><strong>RESERVAS:<\/strong> Gestionar su reserva a trav\u00e9s de la p\u00e1gina web <a href=\"http:\/\/www.xeocamping.com\">www.xeocamping.com<\/a> propiedad de AVENTEIRA S. COOP. GALEGA (para mayor informaci\u00f3n sobre el tratamiento de sus datos, consultar su <strong><mark style=\"background-color:rgba(0, 0, 0, 0)\" class=\"has-inline-color has-neve-link-color-color\">Pol\u00edtica de Privacidade<\/mark><\/strong>).<\/li>\n<\/ul>\n\n\n\n<p class=\"has-neve-link-color-color has-text-color has-link-color wp-elements-0c9ebf1e2ea2f28e81efba05ec7c0f4f\" style=\"font-size:17px\"><strong>4\/ LEGITIMACI\u00d3N<\/strong><\/p>\n\n\n\n<p>Art\u00edculo 6.1.a) del RGPD: el interesado dio su consentimiento para el tratamiento de sus datos personales para uno o varios fines espec\u00edficos.<\/p>\n\n\n\n<p>Art\u00edculo 6.1.b) del RGPD: tratamiento necesario para la ejecuci\u00f3n de un contrato en el que el interesado es parte o para la aplicaci\u00f3n de medidas precontractuales.<\/p>\n\n\n\n<p>Art\u00edculo 6.1.c) del RGPD: el tratamiento es necesario para el cumplimiento de una obligaci\u00f3n legal aplicable al responsable del tratamiento.<\/p>\n\n\n\n<p>Real Decreto 933\/2021, de 26 de octubre, por el que se establecen las obligaciones de registro documental e informaci\u00f3n de las personas f\u00edsicas o jur\u00eddicas que ejercen actividades de hospedaje y alquiler de veh\u00edculos de motor.<\/p>\n\n\n\n<p>Art\u00edculo 45 del Acuerdo de Schengen de junio de 1985.<\/p>\n\n\n\n<p>Ley Org\u00e1nica 4\/2015, de 30 de marzo, de protecci\u00f3n de la seguridad ciudadana.<\/p>\n\n\n\n<p class=\"has-neve-link-color-color has-text-color has-link-color wp-elements-ddcaf0fa95a4d8ca6761f086330bcf1d\" style=\"font-size:17px\"><strong>5\/ CONSERVACI\u00d3N Y TRATAMIENTO DE LOS DATOS<\/strong><\/p>\n\n\n\n<p style=\"font-size:17px\">Sus datos ser\u00e1n conservados durante el tiempo necesario para atender su solicitud, siempre que no nos indique lo contrario ejerciendo su derecho de supresi\u00f3n, o durante el tiempo necesario para cumplir con las obligaciones legales y atender las posibles responsabilidades derivadas del cumplimiento de la finalidad para la que los datos fueron solicitados.<\/p>\n\n\n\n<p>En caso necesario, AVENTEIRA S. COOP. GALEGA cancelar\u00e1 o rectificar\u00e1 los datos cuando resulten inexactos, incompletos o hayan dejado de ser necesarios.<\/p>\n\n\n\n<p>Mientras no nos comunique lo contrario, entenderemos que sus datos no han sido modificados, que usted se compromete a notificarnos cualquier variaci\u00f3n y que tenemos su consentimiento para utilizarlos con el fin de mantener la relaci\u00f3n entre las partes.<\/p>\n\n\n\n<p>Los datos no ser\u00e1n cedidos a terceros salvo obligaci\u00f3n legal.<\/p>\n\n\n\n<p style=\"font-size:17px\">AVENTEIRA S. COOP. GALEGA no elaborar\u00e1 perfiles ni tomar\u00e1 decisiones automatizadas.<\/p>\n\n\n\n<p class=\"has-neve-link-color-color has-text-color has-link-color wp-elements-d3af3d24072c46cf6fad973640c28adc\" style=\"font-size:17px\"><strong>6\/ MEDIDAS T\u00c9CNICAS Y ORGANIZATIVAS<\/strong><\/p>\n\n\n\n<p style=\"font-size:17px\">AVENTEIRA S. COOP. GALEGA adopta las medidas t\u00e9cnicas, controles y procedimientos de car\u00e1cter f\u00edsico, organizativo y tecnol\u00f3gico, razonablemente fiables y efectivos, orientados a preservar la integridad y la seguridad de sus datos y garantizar su privacidad. No obstante, no asume ninguna responsabilidad por los da\u00f1os y perjuicios derivados de alteraciones que terceros puedan causar en los sistemas inform\u00e1ticos, documentos electr\u00f3nicos o ficheros del usuario.<\/p>\n\n\n\n<p>Adem\u00e1s, todo el personal con acceso a los datos personales ha sido formado y conoce sus obligaciones en relaci\u00f3n con los tratamientos de datos personales.<\/p>\n\n\n\n<p>En el caso de los contratos que suscribimos con nuestros proveedores, incluimos cl\u00e1usulas en las que se les exige mantener el deber de secreto respecto de los datos de car\u00e1cter personal a los que hubieran tenido acceso en virtud del encargo realizado, as\u00ed como implantar las medidas de seguridad t\u00e9cnicas y organizativas necesarias para garantizar la confidencialidad, integridad, disponibilidad y resiliencia permanentes de los sistemas y servicios de tratamiento de los datos personales.<\/p>\n\n\n\n<p>Todas estas medidas de seguridad son revisadas de forma peri\u00f3dica para garantizar su adecuaci\u00f3n y efectividad.<\/p>\n\n\n\n<p style=\"font-size:17px\">No obstante, la seguridad absoluta no puede garantizarse y no existe ning\u00fan sistema de seguridad que sea impenetrable, por lo que, en caso de que cualquier informaci\u00f3n objeto de tratamiento y bajo nuestro control se viese comprometida como consecuencia de una brecha de seguridad, tomaremos las medidas adecuadas para investigar el incidente, notificarlo a la Autoridad de Control y, en su caso, a aquellos usuarios que se hubieran podido ver afectados para que adopten las medidas oportunas.<\/p>\n\n\n\n<p class=\"has-neve-link-color-color has-text-color has-link-color wp-elements-62e489475f13136358e63621ffd2f46d\" style=\"font-size:17px\"><strong>7\/ DERECHOS<\/strong><\/p>\n\n\n\n<p style=\"font-size:17px\">El usuario podr\u00e1 ejercer los derechos de acceso, rectificaci\u00f3n, supresi\u00f3n, oposici\u00f3n, limitaci\u00f3n del tratamiento, portabilidad de datos y a no ser objeto de decisiones automatizadas, mediante solicitud al responsable o al correo xestion@aventeira.com, adjuntando copia de su DNI o documento equivalente.<\/p>\n\n\n\n<p style=\"font-size:17px\">En caso de no obtener satisfacci\u00f3n, podr\u00e1 presentar una reclamaci\u00f3n ante la Agencia Espa\u00f1ola de Protecci\u00f3n de Datos: <a href=\"https:\/\/sedeagpd.gob.es\/sede-electronica-web\/vistas\/formNuevaReclamacion\/reclamacion.jsf\">https:\/\/sedeagpd.gob.es\/sede-electronica-web\/vistas\/formNuevaReclamacion\/reclamacion.jsf<\/a><\/p>\n\n\n\n<div style=\"height:70px\" aria-hidden=\"true\" class=\"wp-block-spacer\"><\/div>\n","protected":false},"excerpt":{"rendered":"<p>AVISO LEGAL 1\/ DATOS DE LA ENTIDAD En cumplimiento del art\u00edculo 10 de la Ley 34\/2002, de 11 de julio, de Servicios de la Sociedad de la Informaci\u00f3n y Comercio Electr\u00f3nico, AVENTEIRA S. COOP. GALEGA le informa de que sus datos identificativos son los siguientes: Denominaci\u00f3n social: AVENTEIRA S. COOP. GALEGACIF: F70577010Domicilio social: AVDA. CONCES&hellip;&nbsp;<a href=\"https:\/\/www.xeocamping.com\/index.php\/es\/aviso-legal-y-politica-de-privacidad\/\" rel=\"bookmark\">Leer m\u00e1s &raquo;<span class=\"screen-reader-text\">Aviso Legal y Pol\u00edtica de Privacidad<\/span><\/a><\/p>\n","protected":false},"author":1,"featured_media":0,"parent":0,"menu_order":0,"comment_status":"closed","ping_status":"closed","template":"","meta":{"neve_meta_sidebar":"","neve_meta_container":"","neve_meta_enable_content_width":"on","neve_meta_content_width":100,"neve_meta_title_alignment":"","neve_meta_author_avatar":"","neve_post_elements_order":"","neve_meta_disable_header":"","neve_meta_disable_footer":"","neve_meta_disable_title":"on","footnotes":""},"class_list":["post-574","page","type-page","status-publish","hentry"],"_links":{"self":[{"href":"https:\/\/www.xeocamping.com\/index.php\/wp-json\/wp\/v2\/pages\/574","targetHints":{"allow":["GET"]}}],"collection":[{"href":"https:\/\/www.xeocamping.com\/index.php\/wp-json\/wp\/v2\/pages"}],"about":[{"href":"https:\/\/www.xeocamping.com\/index.php\/wp-json\/wp\/v2\/types\/page"}],"author":[{"embeddable":true,"href":"https:\/\/www.xeocamping.com\/index.php\/wp-json\/wp\/v2\/users\/1"}],"replies":[{"embeddable":true,"href":"https:\/\/www.xeocamping.com\/index.php\/wp-json\/wp\/v2\/comments?post=574"}],"version-history":[{"count":2,"href":"https:\/\/www.xeocamping.com\/index.php\/wp-json\/wp\/v2\/pages\/574\/revisions"}],"predecessor-version":[{"id":576,"href":"https:\/\/www.xeocamping.com\/index.php\/wp-json\/wp\/v2\/pages\/574\/revisions\/576"}],"wp:attachment":[{"href":"https:\/\/www.xeocamping.com\/index.php\/wp-json\/wp\/v2\/media?parent=574"}],"curies":[{"name":"wp","href":"https:\/\/api.w.org\/{rel}","templated":true}]}}