{"id":578,"date":"2026-04-14T09:06:13","date_gmt":"2026-04-14T09:06:13","guid":{"rendered":"https:\/\/www.xeocamping.com\/?page_id=578"},"modified":"2026-04-14T09:06:33","modified_gmt":"2026-04-14T09:06:33","slug":"xeocamping","status":"publish","type":"page","link":"https:\/\/www.xeocamping.com\/index.php\/es\/xeocamping\/","title":{"rendered":"Xeoc\u00e1mping"},"content":{"rendered":"\n<div class=\"wp-block-cover alignfull\" style=\"padding-top:var(--wp--preset--spacing--60);padding-bottom:var(--wp--preset--spacing--60);min-height:250px;aspect-ratio:unset;\"><img loading=\"lazy\" decoding=\"async\" width=\"2560\" height=\"1707\" class=\"wp-block-cover__image-background wp-image-45 size-full\" alt=\"\" src=\"https:\/\/www.xeocamping.com\/wp-content\/uploads\/2025\/05\/meandrodacubela-scaled.jpg\" style=\"object-position:8% 20%\" data-object-fit=\"cover\" data-object-position=\"8% 20%\" srcset=\"https:\/\/www.xeocamping.com\/wp-content\/uploads\/2025\/05\/meandrodacubela-scaled.jpg 2560w, https:\/\/www.xeocamping.com\/wp-content\/uploads\/2025\/05\/meandrodacubela-300x200.jpg 300w, https:\/\/www.xeocamping.com\/wp-content\/uploads\/2025\/05\/meandrodacubela-1024x683.jpg 1024w, https:\/\/www.xeocamping.com\/wp-content\/uploads\/2025\/05\/meandrodacubela-768x512.jpg 768w, https:\/\/www.xeocamping.com\/wp-content\/uploads\/2025\/05\/meandrodacubela-1536x1024.jpg 1536w, https:\/\/www.xeocamping.com\/wp-content\/uploads\/2025\/05\/meandrodacubela-2048x1365.jpg 2048w, https:\/\/www.xeocamping.com\/wp-content\/uploads\/2025\/05\/meandrodacubela-930x620.jpg 930w\" sizes=\"auto, (max-width: 2560px) 100vw, 2560px\" \/><span aria-hidden=\"true\" class=\"wp-block-cover__background has-neve-link-hover-color-background-color has-background-dim\"><\/span><div class=\"wp-block-cover__inner-container is-layout-flow wp-block-cover-is-layout-flow\">\n<div class=\"wp-block-group\" style=\"padding-right:var(--wp--preset--spacing--30);padding-left:var(--wp--preset--spacing--30)\"><div class=\"wp-block-group__inner-container is-layout-flow wp-block-group-is-layout-flow\">\n<h1 class=\"wp-block-heading has-text-align-left has-nv-site-bg-color has-text-color\" style=\"padding-top:var(--wp--preset--spacing--70);padding-bottom:var(--wp--preset--spacing--70)\">El <em>Xeoc\u00e1mping<\/em><\/h1>\n<\/div><\/div>\n<\/div><\/div>\n\n\n\n<div class=\"wp-block-cover alignfull\" style=\"min-height:600px;aspect-ratio:unset;\"><span aria-hidden=\"true\" class=\"wp-block-cover__background has-nv-light-bg-background-color has-background-dim-100 has-background-dim\"><\/span><div class=\"wp-block-cover__inner-container is-layout-flow wp-block-cover-is-layout-flow\">\n<div class=\"wp-block-group\"><div class=\"wp-block-group__inner-container is-layout-flow wp-block-group-is-layout-flow\">\n<div style=\"height:40px\" aria-hidden=\"true\" class=\"wp-block-spacer\"><\/div>\n\n\n\n<p class=\"has-neve-text-color-color has-text-color has-link-color wp-elements-612e22d2876706ce68c96a4f6f451fb7\" style=\"padding-top:0;padding-right:var(--wp--preset--spacing--20);padding-bottom:0;padding-left:var(--wp--preset--spacing--20);font-size:17px\"><strong><mark style=\"background-color:rgba(0, 0, 0, 0)\" class=\"has-inline-color has-neve-link-hover-color-color\">Nuestro camping es mucho m\u00e1s que un lugar donde pasar la noche: es un espacio pensado para vivir, sentir y descubrir.<\/mark> <\/strong>Cada rinc\u00f3n est\u00e1 dise\u00f1ado para que puedas explorar, descansar y reconectar contigo mismo y con la naturaleza que nos rodea.<\/p>\n\n\n\n<p class=\"has-neve-text-color-color has-text-color has-link-color wp-elements-d320a9d1914b41037d3e33bd5cab9044\" style=\"padding-right:var(--wp--preset--spacing--20);padding-left:var(--wp--preset--spacing--20);font-size:17px\">\u00a1D\u00e9janos ense\u00f1arte todo lo que temos preparado para ti en nuestras instalaciones!<\/p>\n\n\n\n<div style=\"height:20px\" aria-hidden=\"true\" class=\"wp-block-spacer\"><\/div>\n\n\n\n<div class=\"wp-block-columns is-layout-flex wp-container-core-columns-is-layout-9d6595d7 wp-block-columns-is-layout-flex\">\n<div class=\"wp-block-column is-layout-flow wp-block-column-is-layout-flow\" style=\"border-radius:16px\">\n<figure class=\"wp-block-gallery has-nested-images columns-default is-cropped wp-block-gallery-1 is-layout-flex wp-block-gallery-is-layout-flex\">\n<figure class=\"wp-block-image size-large has-custom-border\"><img loading=\"lazy\" decoding=\"async\" width=\"1024\" height=\"577\" data-id=\"256\" src=\"https:\/\/www.xeocamping.com\/wp-content\/uploads\/2025\/07\/ZK_07699-1024x577.jpg\" alt=\"\" class=\"wp-image-256\" style=\"border-radius:16px\" srcset=\"https:\/\/www.xeocamping.com\/wp-content\/uploads\/2025\/07\/ZK_07699-1024x577.jpg 1024w, https:\/\/www.xeocamping.com\/wp-content\/uploads\/2025\/07\/ZK_07699-300x169.jpg 300w, https:\/\/www.xeocamping.com\/wp-content\/uploads\/2025\/07\/ZK_07699-768x432.jpg 768w, https:\/\/www.xeocamping.com\/wp-content\/uploads\/2025\/07\/ZK_07699-1536x865.jpg 1536w, https:\/\/www.xeocamping.com\/wp-content\/uploads\/2025\/07\/ZK_07699-2048x1153.jpg 2048w\" sizes=\"auto, (max-width: 1024px) 100vw, 1024px\" \/><\/figure>\n<\/figure>\n\n\n\n<figure class=\"wp-block-image size-large has-custom-border\"><img loading=\"lazy\" decoding=\"async\" width=\"1024\" height=\"577\" src=\"https:\/\/www.xeocamping.com\/wp-content\/uploads\/2025\/07\/ZK_07782-1024x577.jpg\" alt=\"\" class=\"wp-image-257\" style=\"border-radius:16px\" srcset=\"https:\/\/www.xeocamping.com\/wp-content\/uploads\/2025\/07\/ZK_07782-1024x577.jpg 1024w, https:\/\/www.xeocamping.com\/wp-content\/uploads\/2025\/07\/ZK_07782-300x169.jpg 300w, https:\/\/www.xeocamping.com\/wp-content\/uploads\/2025\/07\/ZK_07782-768x432.jpg 768w, https:\/\/www.xeocamping.com\/wp-content\/uploads\/2025\/07\/ZK_07782-1536x865.jpg 1536w, https:\/\/www.xeocamping.com\/wp-content\/uploads\/2025\/07\/ZK_07782-2048x1153.jpg 2048w\" sizes=\"auto, (max-width: 1024px) 100vw, 1024px\" \/><\/figure>\n<\/div>\n\n\n\n<div class=\"wp-block-column is-layout-flow wp-block-column-is-layout-flow\">\n<figure class=\"wp-block-image size-large has-custom-border is-style-rounded\"><img loading=\"lazy\" decoding=\"async\" width=\"1024\" height=\"577\" src=\"https:\/\/www.xeocamping.com\/wp-content\/uploads\/2025\/07\/ZK_07762-1024x577.jpg\" alt=\"\" class=\"wp-image-255\" style=\"border-radius:16px\" srcset=\"https:\/\/www.xeocamping.com\/wp-content\/uploads\/2025\/07\/ZK_07762-1024x577.jpg 1024w, https:\/\/www.xeocamping.com\/wp-content\/uploads\/2025\/07\/ZK_07762-300x169.jpg 300w, https:\/\/www.xeocamping.com\/wp-content\/uploads\/2025\/07\/ZK_07762-768x432.jpg 768w, https:\/\/www.xeocamping.com\/wp-content\/uploads\/2025\/07\/ZK_07762-1536x865.jpg 1536w, https:\/\/www.xeocamping.com\/wp-content\/uploads\/2025\/07\/ZK_07762-2048x1153.jpg 2048w\" sizes=\"auto, (max-width: 1024px) 100vw, 1024px\" \/><\/figure>\n\n\n\n<figure class=\"wp-block-image size-large has-custom-border\"><img loading=\"lazy\" decoding=\"async\" width=\"1024\" height=\"577\" src=\"https:\/\/www.xeocamping.com\/wp-content\/uploads\/2025\/07\/ZK_07791-1024x577.jpg\" alt=\"\" class=\"wp-image-259\" style=\"border-radius:16px\" srcset=\"https:\/\/www.xeocamping.com\/wp-content\/uploads\/2025\/07\/ZK_07791-1024x577.jpg 1024w, https:\/\/www.xeocamping.com\/wp-content\/uploads\/2025\/07\/ZK_07791-300x169.jpg 300w, https:\/\/www.xeocamping.com\/wp-content\/uploads\/2025\/07\/ZK_07791-768x432.jpg 768w, https:\/\/www.xeocamping.com\/wp-content\/uploads\/2025\/07\/ZK_07791-1536x865.jpg 1536w, https:\/\/www.xeocamping.com\/wp-content\/uploads\/2025\/07\/ZK_07791-2048x1153.jpg 2048w\" sizes=\"auto, (max-width: 1024px) 100vw, 1024px\" \/><\/figure>\n<\/div>\n<\/div>\n\n\n\n<div class=\"wp-block-columns is-layout-flex wp-container-core-columns-is-layout-9d6595d7 wp-block-columns-is-layout-flex\">\n<div class=\"wp-block-column is-vertically-aligned-top is-layout-flow wp-block-column-is-layout-flow\" style=\"padding-right:var(--wp--preset--spacing--30);padding-left:var(--wp--preset--spacing--30);flex-basis:50%\">\n<div style=\"height:20px\" aria-hidden=\"true\" class=\"wp-block-spacer\"><\/div>\n\n\n\n<h3 class=\"wp-block-heading has-text-align-left has-neve-link-hover-color-color has-text-color\" style=\"font-size:28px\">Sala com\u00fan<\/h3>\n\n\n\n<p class=\"has-text-align-left has-neve-text-color-color has-text-color\" style=\"font-size:17px\">El coraz\u00f3n social del camping. Un espacio acogedor con mesas para comer, sof\u00e1s c\u00f3modos y una peque\u00f1a biblioteca y ludoteca de acceso libre. Tambi\u00e9n tienes a tu disposici\u00f3n microondas y nevera compartida.<\/p>\n<\/div>\n\n\n\n<div class=\"wp-block-column is-vertically-aligned-top is-layout-flow wp-block-column-is-layout-flow\" style=\"padding-right:var(--wp--preset--spacing--30);padding-left:var(--wp--preset--spacing--30);flex-basis:50%\">\n<div style=\"height:20px\" aria-hidden=\"true\" class=\"wp-block-spacer\"><\/div>\n\n\n\n<h3 class=\"wp-block-heading has-text-align-left has-neve-link-hover-color-color has-text-color\" style=\"font-size:28px\">Piscinas<\/h3>\n\n\n\n<p class=\"has-text-align-left has-neve-text-color-color has-text-color\" style=\"font-size:17px\">A pocos metros de una hermosa playa fluvial, pero sin salir del camping, puedes refrescarte en nuestras piscinas. Perfectas para darte un chapuz\u00f3n mientras tomas el sol o ves jugar a los m\u00e1s peque\u00f1os. S\u00f3lo abiertas en temporada.<\/p>\n<\/div>\n\n\n\n<div class=\"wp-block-column is-vertically-aligned-top is-layout-flow wp-block-column-is-layout-flow\" style=\"padding-right:var(--wp--preset--spacing--30);padding-left:var(--wp--preset--spacing--30);flex-basis:50%\">\n<div style=\"height:20px\" aria-hidden=\"true\" class=\"wp-block-spacer\"><\/div>\n\n\n\n<h3 class=\"wp-block-heading has-text-align-left has-neve-link-hover-color-color has-text-color\" style=\"font-size:28px\">Parque infantil<\/h3>\n\n\n\n<p class=\"has-text-align-left has-neve-text-color-color has-text-color\" style=\"font-size:17px\">Un rinc\u00f3n pensado para la diversi\u00f3n de los ni\u00f1os y ni\u00f1as. Con una colecci\u00f3n de columpios y juegos sencillos, es el lugar ideal para que se entretengan mientras la familia se relaja en la piscina o en la sala com\u00fan.<\/p>\n<\/div>\n<\/div>\n\n\n\n<div class=\"wp-block-columns is-layout-flex wp-container-core-columns-is-layout-9d6595d7 wp-block-columns-is-layout-flex\">\n<div class=\"wp-block-column is-vertically-aligned-top is-layout-flow wp-block-column-is-layout-flow\" style=\"padding-right:var(--wp--preset--spacing--30);padding-left:var(--wp--preset--spacing--30);flex-basis:50%\">\n<div style=\"height:20px\" aria-hidden=\"true\" class=\"wp-block-spacer\"><\/div>\n\n\n\n<h3 class=\"wp-block-heading has-text-align-left has-neve-link-hover-color-color has-text-color\" style=\"font-size:28px\">Barbacoas<\/h3>\n\n\n\n<p class=\"has-text-align-left has-neve-text-color-color has-text-color\" style=\"font-size:17px\">Contamos con tres zonas de barbacoas para que puedas preparar tu parrillada al aire libre. Y si olvidas traer carb\u00f3n, no te preocupes: nosotros te lo facilitamos. \u00a1Solo tienes que traer las ganas de disfrutar!<\/p>\n<\/div>\n\n\n\n<div class=\"wp-block-column is-vertically-aligned-top is-layout-flow wp-block-column-is-layout-flow\" style=\"padding-right:var(--wp--preset--spacing--30);padding-left:var(--wp--preset--spacing--30);flex-basis:50%\">\n<div style=\"height:20px\" aria-hidden=\"true\" class=\"wp-block-spacer\"><\/div>\n\n\n\n<h3 class=\"wp-block-heading has-text-align-left has-neve-link-hover-color-color has-text-color\" style=\"font-size:28px\">Edificio de aseos<\/h3>\n\n\n\n<p class=\"has-text-align-left has-neve-text-color-color has-text-color\" style=\"font-size:17px\">Un espacio limpio y funcional con duchas, lavabos y todos los servicios higi\u00e9nicos necesarios para las personas alojadas en las parcelas. Pensado para garantizar tu comodidad en todo momento.<\/p>\n<\/div>\n\n\n\n<div class=\"wp-block-column is-vertically-aligned-top is-layout-flow wp-block-column-is-layout-flow\" style=\"padding-right:var(--wp--preset--spacing--30);padding-left:var(--wp--preset--spacing--30);flex-basis:50%\">\n<div style=\"height:20px\" aria-hidden=\"true\" class=\"wp-block-spacer\"><\/div>\n\n\n\n<h3 class=\"wp-block-heading has-text-align-left has-neve-link-hover-color-color has-text-color\" style=\"font-size:28px\">Zona verde<\/h3>\n\n\n\n<p class=\"has-text-align-left has-neve-text-color-color has-text-color\" style=\"font-size:17px\">Un amplio espacio natural donde los ni\u00f1os pueden correr, jugar y explorar con libertad, sin interrumpir el descanso de las personas adultas. Aqu\u00ed, cada cual encuentra su lugar.<\/p>\n<\/div>\n<\/div>\n\n\n\n<div style=\"height:20px\" aria-hidden=\"true\" class=\"wp-block-spacer\"><\/div>\n\n\n\n<p><\/p>\n<\/div><\/div>\n<\/div><\/div>\n\n\n\n<div class=\"wp-block-cover alignfull\"><span aria-hidden=\"true\" class=\"wp-block-cover__background has-neve-link-hover-color-background-color has-background-dim-100 has-background-dim\"><\/span><div class=\"wp-block-cover__inner-container is-layout-flow wp-block-cover-is-layout-flow\">\n<div class=\"wp-block-columns is-layout-flex wp-container-core-columns-is-layout-9d6595d7 wp-block-columns-is-layout-flex\">\n<div class=\"wp-block-column is-layout-flow wp-block-column-is-layout-flow\">\n<div style=\"height:40px\" aria-hidden=\"true\" class=\"wp-block-spacer\"><\/div>\n\n\n\n<div class=\"wp-block-columns is-layout-flex wp-container-core-columns-is-layout-9d6595d7 wp-block-columns-is-layout-flex\">\n<div class=\"wp-block-column is-vertically-aligned-center is-layout-flow wp-block-column-is-layout-flow\">\n<h2 class=\"wp-block-heading\" style=\"padding-right:var(--wp--preset--spacing--20);padding-left:var(--wp--preset--spacing--20);font-size:28px\">Visita el CIMAR<\/h2>\n\n\n\n<p style=\"padding-right:var(--wp--preset--spacing--20);padding-left:var(--wp--preset--spacing--20);font-size:17px\">En el propio recinto del camping encontrar\u00e1s el CIMAR \u2014Centro de Interpretaci\u00f3n de la Miner\u00eda Aur\u00edfera Romana\u2014, una ventana a la historia, a la naturaleza y al patrimonio que nos rodea.<\/p>\n\n\n\n<p style=\"padding-right:var(--wp--preset--spacing--20);padding-left:var(--wp--preset--spacing--20);font-size:17px\">Podr\u00e1s acercarte a \u00e9l c\u00f3modamente desde tu bungalow, incluso en zapatillas y con el caf\u00e9 del desayuno en la mano. Un plan perfecto para quienes sienten curiosidad por saber m\u00e1s sin renunciar al descanso. \u00a1Nunca fue tan f\u00e1cil sumergirse en la historia de un paisaje \u00fanico!<\/p>\n<\/div>\n\n\n\n<div class=\"wp-block-column is-layout-flow wp-block-column-is-layout-flow\">\n<figure class=\"wp-block-image size-large has-custom-border\"><img loading=\"lazy\" decoding=\"async\" width=\"1024\" height=\"683\" src=\"https:\/\/www.xeocamping.com\/wp-content\/uploads\/2025\/05\/Mina-do-covallon-1024x683.jpg\" alt=\"\" class=\"wp-image-128\" style=\"border-radius:16px\" srcset=\"https:\/\/www.xeocamping.com\/wp-content\/uploads\/2025\/05\/Mina-do-covallon-1024x683.jpg 1024w, https:\/\/www.xeocamping.com\/wp-content\/uploads\/2025\/05\/Mina-do-covallon-300x200.jpg 300w, https:\/\/www.xeocamping.com\/wp-content\/uploads\/2025\/05\/Mina-do-covallon-768x512.jpg 768w, https:\/\/www.xeocamping.com\/wp-content\/uploads\/2025\/05\/Mina-do-covallon-1536x1024.jpg 1536w, https:\/\/www.xeocamping.com\/wp-content\/uploads\/2025\/05\/Mina-do-covallon-2048x1365.jpg 2048w, https:\/\/www.xeocamping.com\/wp-content\/uploads\/2025\/05\/Mina-do-covallon-930x620.jpg 930w\" sizes=\"auto, (max-width: 1024px) 100vw, 1024px\" \/><\/figure>\n<\/div>\n<\/div>\n<\/div>\n<\/div>\n\n\n\n<div style=\"height:20px\" aria-hidden=\"true\" class=\"wp-block-spacer\"><\/div>\n<\/div><\/div>\n\n\n\n<p><\/p>\n","protected":false},"excerpt":{"rendered":"","protected":false},"author":1,"featured_media":0,"parent":0,"menu_order":0,"comment_status":"closed","ping_status":"closed","template":"","meta":{"neve_meta_sidebar":"","neve_meta_container":"","neve_meta_enable_content_width":"on","neve_meta_content_width":100,"neve_meta_title_alignment":"","neve_meta_author_avatar":"","neve_post_elements_order":"","neve_meta_disable_header":"","neve_meta_disable_footer":"","neve_meta_disable_title":"on","footnotes":""},"class_list":["post-578","page","type-page","status-publish","hentry"],"_links":{"self":[{"href":"https:\/\/www.xeocamping.com\/index.php\/wp-json\/wp\/v2\/pages\/578","targetHints":{"allow":["GET"]}}],"collection":[{"href":"https:\/\/www.xeocamping.com\/index.php\/wp-json\/wp\/v2\/pages"}],"about":[{"href":"https:\/\/www.xeocamping.com\/index.php\/wp-json\/wp\/v2\/types\/page"}],"author":[{"embeddable":true,"href":"https:\/\/www.xeocamping.com\/index.php\/wp-json\/wp\/v2\/users\/1"}],"replies":[{"embeddable":true,"href":"https:\/\/www.xeocamping.com\/index.php\/wp-json\/wp\/v2\/comments?post=578"}],"version-history":[{"count":3,"href":"https:\/\/www.xeocamping.com\/index.php\/wp-json\/wp\/v2\/pages\/578\/revisions"}],"predecessor-version":[{"id":581,"href":"https:\/\/www.xeocamping.com\/index.php\/wp-json\/wp\/v2\/pages\/578\/revisions\/581"}],"wp:attachment":[{"href":"https:\/\/www.xeocamping.com\/index.php\/wp-json\/wp\/v2\/media?parent=578"}],"curies":[{"name":"wp","href":"https:\/\/api.w.org\/{rel}","templated":true}]}}